{"id":2058,"date":"2023-01-03T19:18:27","date_gmt":"2023-01-03T19:18:27","guid":{"rendered":"https:\/\/auto3p.com\/condiciones-generales\/"},"modified":"2024-08-28T07:34:52","modified_gmt":"2024-08-28T07:34:52","slug":"condiciones-generales","status":"publish","type":"page","link":"https:\/\/auto3p.com\/es\/condiciones-generales\/","title":{"rendered":"Condiciones generales"},"content":{"rendered":"\n<h3 class=\"wp-block-heading\"><strong>Introducci\u00f3n<\/strong><\/h3>\n\n<p>ATENCI\u00d3N: LEA ATENTAMENTE ESTAS CONDICIONES ANTES DE UTILIZAR ESTE SITIO WEB. EL USO DE ESTE SITIO WEB IMPLICA LA ACEPTACI\u00d3N DE ESTAS CONDICIONES. SI NO ACEPTA ESTAS CONDICIONES, NO UTILICE ESTE SITIO WEB.  <\/p>\n\n<p>Auto3P Europe AG (en adelante, \u201cAuto3P\u201d), creador de Auto3P, le autoriza a ver, copiar e imprimir los materiales de este sitio web (en adelante, el \u201cSitio\u201d) sujeto a los siguientes t\u00e9rminos y condiciones:<\/p>\n\n<h3 class=\"wp-block-heading\"><strong>Uso del sitio<\/strong><\/h3>\n\n<p>Salvo que se indique expresamente en este documento, usted est\u00e1 autorizado a ver, copiar e imprimir el contenido de este sitio sujeto a las siguientes condiciones: (i) se utiliza s\u00f3lo para su personal, informativo, no comercial, no puede modificar los materiales en este sitio de ninguna manera o reproducir o mostrar p\u00fablicamente, realizar o distribuir o utilizar de otro modo para cualquier prop\u00f3sito p\u00fablico o comercial. Cualquier uso de estos materiales en cualquier otro sitio web o entorno inform\u00e1tico de red para cualquier prop\u00f3sito est\u00e1 prohibido (ii) cualquier copia o porci\u00f3n debe incluir los derechos de autor de Auto3P y otros avisos de propiedad, (iii) no se realizan modificaciones o reproducciones; y (iv) Auto3P se reserva el derecho de revocar dicha autorizaci\u00f3n en cualquier momento. Los materiales en este Sitio est\u00e1n protegidos por derechos de autor y cualquier uso no autorizado de cualquier material en este Sitio puede violar los derechos de autor, marcas registradas y otras leyes. Si usted viola cualquiera de estos T\u00e9rminos, su autorizaci\u00f3n para utilizar este Sitio termina autom\u00e1ticamente y usted debe destruir inmediatamente cualquier material copiado o impreso.       <\/p>\n\n<h3 class=\"wp-block-heading\"><strong>Descargo de responsabilidad<\/strong><\/h3>\n\n<p>Toda la informaci\u00f3n (en adelante, la &#8220;Informaci\u00f3n&#8221;) publicada en este Sitio est\u00e1 sujeta a cambios sin previo aviso. Auto3P puede realizar cambios en los materiales, productos y servicios (en adelante, los &#8220;Productos&#8221;) disponibles en este Sitio, o en los precios aqu\u00ed descritos, en cualquier momento y sin previo aviso. Nuestro Sitio puede contener referencias a Productos que no hayan sido anunciados en su pa\u00eds y Auto3P se reserva el derecho de anunciar o poner a disposici\u00f3n dichos Productos a su entera discreci\u00f3n. Por favor, consulte a Auto3P para obtener informaci\u00f3n sobre los Productos que pueden estar disponibles para usted. Parte de la Informaci\u00f3n de este Sitio puede contener proyecciones u otras declaraciones prospectivas sobre acontecimientos futuros. Deseamos advertirle de que estas afirmaciones son s\u00f3lo predicciones, y que los acontecimientos o resultados reales pueden diferir materialmente.     <\/p>\n\n<p>Informaci\u00f3n, servicios y otros materiales disponibles a trav\u00e9s de este Sitio se proporcionan &#8220;tal cual&#8221; y &#8220;seg\u00fan disponibilidad&#8221; sin ninguna garant\u00eda. Aunque Auto3P ha tratado de proporcionar informaci\u00f3n precisa en este sitio, Auto3P no asume ninguna responsabilidad por la exactitud e integridad de la informaci\u00f3n, productos u otro material en este sitio. Todas las dem\u00e1s garant\u00edas, expresas o impl\u00edcitas, incluyendo cualquier garant\u00eda de comerciabilidad, idoneidad para cualquier prop\u00f3sito en particular, o no infracci\u00f3n de la propiedad intelectual est\u00e1n espec\u00edficamente excluidas y rechazadas. Auto3P no garantiza que los Productos satisfagan los requisitos del usuario, ni que el funcionamiento de los servicios sea ininterrumpido o est\u00e9 libre de errores, ni que el Sitio o el servidor que lo pone a disposici\u00f3n est\u00e9n libres de virus o errores.   <\/p>\n\n<p>Las obligaciones de Mobius con respecto a sus productos y servicios se rigen exclusivamente por los acuerdos en virtud de los cuales se proporcionan y nada en este Sitio debe interpretarse como una modificaci\u00f3n de dichos acuerdos. Los materiales y servicios de este Sitio pueden no estar actualizados, y Auto3P no se compromete a actualizar los materiales y servicios de este Sitio. <\/p>\n\n<h3 class=\"wp-block-heading\"><strong>Limitaci\u00f3n de responsabilidad<\/strong><\/h3>\n\n<p>En ning\u00fan caso Mobius, sus proveedores u otros terceros mencionados en este Sitio ser\u00e1n responsables de ning\u00fan da\u00f1o (incluidos, entre otros, los derivados de la p\u00e9rdida de beneficios, p\u00e9rdida de ahorros, p\u00e9rdida de datos, interrupci\u00f3n de negocio u otros da\u00f1os especiales, consecuentes o incidentales) que surjan del uso o est\u00e9n relacionados con el uso, la imposibilidad de utilizar, o los resultados del uso de este sitio, cualquier sitio web vinculado a este sitio, o cualquier material, informaci\u00f3n, producto o servicio contenido en cualquiera o todos esos sitios, ya sea basado en garant\u00eda, contrato, agravio o cualquier otra teor\u00eda legal y si Auto3P ha sido advertido o no de la posibilidad de tales p\u00e9rdidas o da\u00f1os. Si el uso que usted hace de los materiales, la informaci\u00f3n o los servicios de este Sitio da lugar a la necesidad de revisar, reparar o corregir el equipo o los datos, usted asume todos los costes correspondientes. <\/p>\n\n<h3 class=\"wp-block-heading\"><strong>Pol\u00edtica de privacidad<\/strong><\/h3>\n\n<p>Auto3P se compromete a preservar su privacidad. Lea m\u00e1s en nuestra p\u00e1gina de Pol\u00edtica de privacidad. <\/p>\n\n<h3 class=\"wp-block-heading\"><strong>Propiedad intelectual<\/strong><\/h3>\n\n<p>Toda la Propiedad Intelectual a la que se hace referencia en el Sitio, incluidas patentes, derechos de autor, logotipos, marcas comerciales y secretos comerciales son propiedad legal de Auto3P o de terceros. Estos derechos se aplican a la Informaci\u00f3n, c\u00f3digo inform\u00e1tico del sitio web, dise\u00f1o gr\u00e1fico, productos, nombres de empresas, etc. Todos los contenidos de este Sitio est\u00e1n protegidos por derechos de autor y de marca, salvo en los casos espec\u00edficamente permitidos en el presente documento.  <\/p>\n\n<h3 class=\"wp-block-heading\"><strong>Enlaces a sitios web de terceros<\/strong><\/h3>\n\n<p>Los enlaces de este Sitio a sitios web de terceros se proporcionan \u00fanicamente para su comodidad. Si utiliza estos enlaces, abandonar\u00e1 este Sitio. Auto3P no ha revisado todos estos sitios de terceros y no controla ni es responsable de ninguno de estos sitios ni de su contenido. Por lo tanto, Auto3P no respalda ni hace ninguna declaraci\u00f3n sobre ellos, ni sobre ninguna informaci\u00f3n, software u otros productos o materiales que se encuentren en ellos, ni sobre ning\u00fan resultado que pueda obtenerse de su uso. Si decide acceder a cualquiera de los sitios web de terceros vinculados a este Sitio, lo har\u00e1 bajo su propia responsabilidad.    <\/p>\n\n<h3 class=\"wp-block-heading\"><strong>Enlaces a este sitio<\/strong><\/h3>\n\n<p>Usted puede crear enlaces a este Sitio desde otros sitios, pero s\u00f3lo de acuerdo con los t\u00e9rminos aqu\u00ed expuestos y en cumplimiento de todas las leyes aplicables:<\/p>\n\n<ul class=\"wp-block-list\">\n<li>El otro sitio no contiene contenidos que puedan interpretarse como desagradables, ofensivos o controvertidos, y s\u00f3lo contiene contenidos apropiados para todos los grupos de edad.<\/li>\n\n\n\n<li>Puede enlazar con el contenido de Auto3P, pero no reproducirlo<\/li>\n\n\n\n<li>No debe crear un navegador o un entorno de borde alrededor del contenido Auto3P<\/li>\n\n\n\n<li>No debe implicar que Auto3P lo respalda a \u00e9l o a sus productos<\/li>\n\n\n\n<li>No debe tergiversar su relaci\u00f3n con Mobius<\/li>\n\n\n\n<li>No debe presentar informaci\u00f3n falsa sobre los productos o servicios de Auto3P<\/li>\n\n\n\n<li>No debe utilizar el logotipo o las marcas de Auto3P sin permiso de Mobius.<\/li>\n<\/ul>\n\n<h3 class=\"wp-block-heading\"><strong>General<\/strong><\/h3>\n\n<p>Auto3P puede revisar estos T\u00e9rminos en cualquier momento actualizando esta publicaci\u00f3n. Usted debe visitar esta p\u00e1gina de vez en cuando para revisar los T\u00e9rminos vigentes en ese momento, ya que son vinculantes para usted. Ciertas disposiciones de estos T\u00e9rminos pueden ser sustituidas por avisos legales expresamente designados o t\u00e9rminos ubicados en p\u00e1ginas particulares en este Sitio.  <\/p>\n\n<p>Quienes accedan a este Sitio desde lugares situados fuera del Estado de Israel son responsables del cumplimiento de la legislaci\u00f3n local aplicable. Cualquier reclamaci\u00f3n relacionada con este Sitio o su uso se regir\u00e1 e interpretar\u00e1 de conformidad con las leyes del Estado de Israel, sin referencia a sus principios de conflicto de leyes. Cualquier disputa que surja o est\u00e9 relacionada con el uso de este Sitio se presentar\u00e1 ante los tribunales estatales con sede en Tel Aviv, Israel, y usted acepta por la presente la jurisdicci\u00f3n y competencia exclusivas de dichos tribunales. Usted acepta renunciar a todas las defensas de falta de jurisdicci\u00f3n personal y no conveniencia del foro y acepta que el proceso puede ser notificado de una manera autorizada por la ley aplicable o norma judicial.   <\/p>\n\n<p>Si alg\u00fan t\u00e9rmino o disposici\u00f3n de este Aviso Legal se considerara inv\u00e1lido por cualquier motivo, dicha invalidez no afectar\u00e1 a ning\u00fan otro t\u00e9rmino o disposici\u00f3n, y este Aviso Legal se interpretar\u00e1 como si dicho t\u00e9rmino o disposici\u00f3n nunca hubiera estado contenido en este Aviso Legal.<\/p>\n","protected":false},"excerpt":{"rendered":"<p>Introducci\u00f3n ATENCI\u00d3N: LEA ATENTAMENTE ESTAS CONDICIONES ANTES DE UTILIZAR ESTE SITIO WEB. EL USO DE ESTE SITIO WEB IMPLICA LA ACEPTACI\u00d3N DE ESTAS CONDICIONES. SI NO ACEPTA ESTAS CONDICIONES, NO UTILICE ESTE SITIO WEB. Auto3P Europe AG (en adelante, \u201cAuto3P\u201d), creador de Auto3P, le autoriza a ver, copiar e imprimir los materiales de este sitio [&hellip;]<\/p>\n","protected":false},"author":1,"featured_media":0,"parent":0,"menu_order":0,"comment_status":"closed","ping_status":"closed","template":"","meta":{"_acf_changed":false,"footnotes":""},"class_list":["post-2058","page","type-page","status-publish","hentry"],"acf":[],"_links":{"self":[{"href":"https:\/\/auto3p.com\/es\/wp-json\/wp\/v2\/pages\/2058","targetHints":{"allow":["GET"]}}],"collection":[{"href":"https:\/\/auto3p.com\/es\/wp-json\/wp\/v2\/pages"}],"about":[{"href":"https:\/\/auto3p.com\/es\/wp-json\/wp\/v2\/types\/page"}],"author":[{"embeddable":true,"href":"https:\/\/auto3p.com\/es\/wp-json\/wp\/v2\/users\/1"}],"replies":[{"embeddable":true,"href":"https:\/\/auto3p.com\/es\/wp-json\/wp\/v2\/comments?post=2058"}],"version-history":[{"count":1,"href":"https:\/\/auto3p.com\/es\/wp-json\/wp\/v2\/pages\/2058\/revisions"}],"predecessor-version":[{"id":2059,"href":"https:\/\/auto3p.com\/es\/wp-json\/wp\/v2\/pages\/2058\/revisions\/2059"}],"wp:attachment":[{"href":"https:\/\/auto3p.com\/es\/wp-json\/wp\/v2\/media?parent=2058"}],"curies":[{"name":"wp","href":"https:\/\/api.w.org\/{rel}","templated":true}]}}