{"id":2094,"date":"2022-08-06T18:00:19","date_gmt":"2022-08-06T18:00:19","guid":{"rendered":"https:\/\/auto3p.com\/privacy-policy\/"},"modified":"2024-08-28T09:05:59","modified_gmt":"2024-08-28T09:05:59","slug":"privacy-policy","status":"publish","type":"page","link":"https:\/\/auto3p.com\/es\/privacy-policy\/","title":{"rendered":"Privacy Policy"},"content":{"rendered":"\n<h3 class=\"wp-block-heading\"><strong>Introducci\u00f3n<\/strong><\/h3>\n\n<p>Gracias por acceder a <a href=\"https:\/\/www.cyberarmor.io\/?__hstc=113074139.dfb6b593518ab0ca5e62726361206f83.1672941818515.1672941818515.1673193621526.2&amp;__hssc=113074139.2.1673193621526&amp;__hsfp=2911786793\">https:\/\/auto3p.com\/es\/<\/a> (el \u00ab<strong>sitio web<\/strong>\u00bb). Este sitio web est\u00e1 gestionado por Auto3P Europe AG (en adelante, \u00abAuto3P\u00bb), una empresa registrada en Suiza (en adelante, \u00ab<strong>nosotros<\/strong>\u00bb, \u00ab<strong>nos<\/strong>\u00bb, \u00ab<strong>nuestro<\/strong>\u00bb o \u00ab<strong>Empresa<\/strong>\u00bb). Esta pol\u00edtica de privacidad establece las bases sobre las que procesaremos cualquier Informaci\u00f3n Personal que recopilemos de usted (\u00ab<strong>usted<\/strong>\u00bb, \u00ab<strong>su<\/strong>\u00bb o \u00ab<strong>Usuario<\/strong>\u00bb), o que usted nos proporcione, ya sea a trav\u00e9s del uso del sitio web o del uso de cualquiera de los servicios, funciones o caracter\u00edsticas ofrecidos ocasionalmente en el sitio web (\u00ab<strong>Servicios<\/strong>\u00bb). <\/p>\n\n<p>Le recomendamos que lea atentamente esta pol\u00edtica de privacidad y que la utilice para tomar decisiones con conocimiento de causa.<\/p>\n\n<h3 class=\"wp-block-heading\"><strong>Recogida y almacenamiento de sus datos personales<\/strong><\/h3>\n\n<p>Recogemos y utilizamos los siguientes tipos de informaci\u00f3n sobre usted:<\/p>\n\n<h3 class=\"wp-block-heading\"><strong>Informaci\u00f3n no personal<\/strong><\/h3>\n\n<p>La informaci\u00f3n no personal es informaci\u00f3n no identificable que, por s\u00ed sola, no puede utilizarse para identificarle. Por ello, desconocemos la identidad del usuario del que se recopil\u00f3 la Informaci\u00f3n no personal. <\/p>\n\n<p>Podemos anonimizar o desidentificar la informaci\u00f3n recopilada por el sitio web o a trav\u00e9s de otros medios para que la informaci\u00f3n no pueda, por s\u00ed sola, identificarle personalmente. Tambi\u00e9n recopilamos datos de usuario agregados relativos a su uso y actividad en nuestro sitio web y Servicios. Nuestro uso y divulgaci\u00f3n de dicha informaci\u00f3n agregada o desidentificada no est\u00e1 sujeta a ninguna restricci\u00f3n en virtud de esta pol\u00edtica de privacidad, y podemos divulgarla a otros sin limitaci\u00f3n y para cualquier prop\u00f3sito.  <\/p>\n\n<p>Para evitar dudas, si combinamos Informaci\u00f3n Personal con Informaci\u00f3n No Personal (por ejemplo, datos anal\u00edticos), la informaci\u00f3n combinada ser\u00e1 tratada como Informaci\u00f3n Personal mientras permanezca combinada.<\/p>\n\n<h3 class=\"wp-block-heading\"><strong>Informaci\u00f3n personal<\/strong><\/h3>\n\n<p>La Informaci\u00f3n Personal es informaci\u00f3n que identifica a un individuo o que puede, con un esfuerzo razonable, identificar a un individuo. Recopilamos los siguientes tipos de informaci\u00f3n personal: <\/p>\n\n<h3 class=\"wp-block-heading\"><strong>\u00bfQu\u00e9 tipos de tecnolog\u00edas de seguimiento utilizamos?<\/strong><\/h3>\n\n<p>Existen cinco tipos principales de tecnolog\u00edas de seguimiento:<\/p>\n\n<ul class=\"wp-block-list\">\n<li><strong>Nombre, direcci\u00f3n de correo electr\u00f3nico y otros datos de contacto:<\/strong> Le pedimos y -a su elecci\u00f3n- recopilamos sus datos de contacto (como nombre y direcci\u00f3n de correo electr\u00f3nico) cuando env\u00eda formularios web en nuestro sitio web, incluida la cumplimentaci\u00f3n de formularios de solicitud para recibir una demostraci\u00f3n de nuestros Servicios y oportunidades para suscribirse y aceptar recibir comunicaciones por correo electr\u00f3nico de nuestra parte. Enviaremos dichas comunicaciones de conformidad con la legislaci\u00f3n aplicable. <\/li>\n\n\n\n<li><strong>Informaci\u00f3n voluntaria:<\/strong> Recopilamos Informaci\u00f3n Personal que los Usuarios nos proporcionan voluntariamente. Por ejemplo, cuando responden a comunicaciones nuestras, o cuando comparten informaci\u00f3n adicional a trav\u00e9s de su uso del sitio web y los Servicios. <\/li>\n\n\n\n<li><strong>Informaci\u00f3n sobre dispositivos:<\/strong> Recopilamos de nuestros Usuarios tipos espec\u00edficos de detalles de conexi\u00f3n e informaci\u00f3n con respecto a su dispositivo, software o hardware que pueda identificarlos, como identificadores en l\u00ednea, identificadores \u00fanicos del dispositivo (por ejemplo, UDID, direcci\u00f3n MAC), direcci\u00f3n IP y geolocalizaci\u00f3n.<\/li>\n<\/ul>\n\n<h3 class=\"wp-block-heading\"><strong>C\u00f3mo utilizamos la informaci\u00f3n personal<\/strong><\/h3>\n\n<p>Adem\u00e1s de los fines enumerados en el presente documento, los Datos Personales que recopilamos se utilizan para los siguientes fines:<\/p>\n\n<ul class=\"wp-block-list\">\n<li>Proporcionar, operar, mantener, mejorar y promover nuestros servicios.<\/li>\n\n\n\n<li>Permitirle acceder a nuestros servicios y utilizarlos.<\/li>\n\n\n\n<li>Enviar mensajes transaccionales, incluidas respuestas a sus comentarios, preguntas y solicitudes; prestar servicio y asistencia al cliente; y enviarle avisos t\u00e9cnicos, actualizaciones, alertas de seguridad y mensajes administrativos y de asistencia.<\/li>\n\n\n\n<li>Enviar comunicaciones comerciales, de acuerdo con sus preferencias de comunicaci\u00f3n, como proporcionarle informaci\u00f3n sobre productos y servicios, funciones, encuestas, boletines, ofertas, promociones, concursos y eventos sobre nosotros y nuestros socios; y enviar otras noticias o informaci\u00f3n sobre nosotros y nuestros socios (ver m\u00e1s en &#8220;Marketing&#8221;).<\/li>\n\n\n\n<li>Para ofrecerle anuncios que sean relevantes para usted y sus intereses cuando utilice nuestro sitio (m\u00e1s informaci\u00f3n en &#8220;Publicidad&#8221;).<\/li>\n\n\n\n<li>supervisar y analizar tendencias, uso y actividades en relaci\u00f3n con los sitios web y los Servicios y con fines de marketing o publicidad.<\/li>\n\n\n\n<li>Cumplir con las obligaciones legales, as\u00ed como investigar y prevenir transacciones fraudulentas, accesos no autorizados a los Servicios y otras actividades ilegales.<\/li>\n\n\n\n<li>Tratamiento para otros fines para los que obtengamos su consentimiento.<\/li>\n<\/ul>\n\n<h3 class=\"wp-block-heading\"><strong>\u00bfCon qui\u00e9n compartimos la informaci\u00f3n personal que recopilamos?<\/strong><\/h3>\n\n<p>Trabajamos con otras empresas que nos ayudan a gestionar nuestro negocio (&#8220;<strong>Proveedores de servicios<\/strong>&#8220;). Estas empresas prestan servicios para ayudarnos a almacenar informaci\u00f3n (como las empresas de almacenamiento en la nube), prestar asistencia al cliente, supervisar y analizar el rendimiento de nuestros Servicios, prestar apoyo en materia de marketing y, por lo dem\u00e1s, gestionar y mejorar nuestros Servicios. Estos Proveedores de Servicios s\u00f3lo pueden procesar Informaci\u00f3n Personal de acuerdo con nuestras instrucciones y en cumplimiento tanto de esta pol\u00edtica de privacidad como de otras medidas y normativas de confidencialidad y seguridad aplicables.  <\/p>\n\n<p>En concreto, no permitimos que nuestros Proveedores de Servicios utilicen la Informaci\u00f3n Personal que compartimos con ellos para sus propios fines de marketing o para cualquier otro fin que no est\u00e9 relacionado con los servicios que nos prestan.<\/p>\n\n<p>Adem\u00e1s de compartirla con los Proveedores de Servicios seg\u00fan lo descrito anteriormente, tambi\u00e9n podemos compartir su Informaci\u00f3n Personal con otros en las siguientes circunstancias:<\/p>\n\n<ul class=\"wp-block-list\">\n<li>Con otras filiales o empresas asociadas.<\/li>\n\n\n\n<li>En caso de fusi\u00f3n, venta, cambio de control o reorganizaci\u00f3n de toda o parte de nuestra empresa.<\/li>\n\n\n\n<li>Cuando estemos obligados a revelar Informaci\u00f3n Personal para responder a citaciones, \u00f3rdenes judiciales o procesos legales, o para establecer o ejercer nuestros derechos legales o defendernos contra reclamaciones legales.<\/li>\n\n\n\n<li>Cuando creamos de buena fe que es necesario compartirla para investigar, prevenir o tomar medidas en relaci\u00f3n con actividades ilegales, sospechas de fraude, situaciones que impliquen amenazas potenciales para la seguridad f\u00edsica de cualquier persona, infracciones de nuestras pol\u00edticas, o cuando sea necesario para cumplir con nuestras obligaciones legales; o bien<\/li>\n\n\n\n<li>Si lo desea, puede dar su consentimiento de vez en cuando.<\/li>\n<\/ul>\n\n<p>Los terceros con los que podamos compartir sus Datos Personales deber\u00e1n cumplir nuestras normas sobre tratamiento de la informaci\u00f3n y seguridad. La Informaci\u00f3n Personal que les proporcionemos s\u00f3lo se facilitar\u00e1 en relaci\u00f3n con el desempe\u00f1o de su funci\u00f3n. <\/p>\n\n<h3 class=\"wp-block-heading\"><strong>Por qu\u00e9 utilizamos sus datos personales<\/strong><\/h3>\n\n<p>Tenga en cuenta que nuestra base jur\u00eddica para recopilar y utilizar sus Datos Personales depender\u00e1 de los Datos Personales recopilados y del contexto espec\u00edfico en el que los recopilemos. Normalmente, s\u00f3lo recopilamos sus Datos Personales cuando: (a) contamos con su consentimiento para hacerlo, (b) cuando necesitamos sus Datos Personales para cumplir un contrato con usted (por ejemplo, para prestarle el servicio que ha solicitado), (c) cuando el tratamiento responde a nuestros intereses leg\u00edtimos; o (d) cuando estamos obligados a recopilar, conservar o compartir dichos Datos Personales en virtud de la legislaci\u00f3n aplicable.     <\/p>\n\n<p>En algunos casos, podemos necesitar Informaci\u00f3n Personal para proteger sus intereses vitales o los de otra persona.<\/p>\n\n<p>Cuando nos basemos en su consentimiento para tratar sus Datos Personales, usted tiene derecho a retirar o denegar su consentimiento en cualquier momento. Cuando nos basemos en nuestros intereses leg\u00edtimos para tratar sus Datos Personales, tiene derecho a oponerse. <\/p>\n\n<p>Si tiene alguna pregunta o necesita m\u00e1s informaci\u00f3n sobre la base jur\u00eddica sobre la que recogemos y utilizamos sus Datos Personales, p\u00f3ngase en contacto con nosotros a trav\u00e9s de los datos de contacto disponibles a continuaci\u00f3n.<\/p>\n\n<h3 class=\"wp-block-heading\"><strong>Cookies<\/strong><\/h3>\n\n<p>Cuando visita o accede a nuestros sitios web, utilizamos (y autorizamos a terceros a utilizar) p\u00edxeles, cookies, eventos y otras tecnolog\u00edas (denominadas colectivamente &#8220;<strong>tecnolog\u00edas de seguimiento<\/strong>&#8220;). \u00c9stas nos permiten recopilar autom\u00e1ticamente informaci\u00f3n sobre usted, su dispositivo y su comportamiento en l\u00ednea, con el fin de mejorar su navegaci\u00f3n en nuestros sitios web, mejorar su rendimiento, realizar an\u00e1lisis y personalizar su experiencia. Adem\u00e1s, podemos fusionar los datos que tenemos con los datos recopilados a trav\u00e9s de estas tecnolog\u00edas de seguimiento y los datos que podamos obtener de otras fuentes y, como resultado, dichos datos pueden convertirse en Informaci\u00f3n Personal. Para obtener m\u00e1s informaci\u00f3n sobre las cookies que utilizamos, lea nuestra pol\u00edtica de cookies, cuya copia puede encontrar aqu\u00ed.   <\/p>\n\n<p>Tambi\u00e9n utilizamos una herramienta llamada &#8220;Google Analytics&#8221; para recopilar informaci\u00f3n sobre su uso de los sitios web. Google Analytics recopila informaci\u00f3n como la frecuencia con la que los usuarios acceden a los sitios web, qu\u00e9 p\u00e1ginas visitan cuando lo hacen, etc. Utilizamos la informaci\u00f3n que obtenemos de Google Analytics \u00fanicamente para mejorar nuestros sitios web y servicios. Google Analytics recopila la direcci\u00f3n IP asignada al usuario en la fecha en que visita los sitios web, en lugar de su nombre u otra informaci\u00f3n identificativa. No combinamos la informaci\u00f3n recopilada mediante el uso de Google Analytics con informaci\u00f3n de identificaci\u00f3n personal. La capacidad de Google para utilizar y compartir la informaci\u00f3n recopilada por Google Analytics sobre sus visitas a los sitios web est\u00e1 restringida por las <a href=\"https:\/\/www.google.com\/analytics\/terms\/us.html\">Condiciones<\/a> de uso de Google Analytics y la <a href=\"https:\/\/www.google.com\/policies\/privacy\/\">Pol\u00edtica de privacidad de Google<\/a>.     <\/p>\n\n<h3 class=\"wp-block-heading\"><strong>Marketing<\/strong><\/h3>\n\n<p>Podemos utilizar sus Datos Personales, como su nombre completo, direcci\u00f3n de correo electr\u00f3nico, etc., nosotros mismos o a trav\u00e9s de nuestros socios terceros con el fin de proporcionarle material promocional relativo a nuestros Servicios.<\/p>\n\n<p>En cualquier momento, puede solicitar la baja y dejar de recibir ofertas de marketing envi\u00e1ndonos un mensaje en blanco con la palabra &#8220;eliminar&#8221; a los datos de contacto disponibles m\u00e1s abajo.<\/p>\n\n<p>Tenga en cuenta que aunque cancele su suscripci\u00f3n a nuestra lista de correo de marketing, podremos seguir envi\u00e1ndole actualizaciones y notificaciones relacionadas con los Servicios.<\/p>\n\n<h3 class=\"wp-block-heading\"><strong>Publicidad<\/strong><\/h3>\n\n<p>Es posible que utilicemos tecnolog\u00eda publicitaria de terceros para mostrarle anuncios cuando acceda al Sitio. Esta tecnolog\u00eda utiliza su informaci\u00f3n con respecto a su uso de los Servicios para servirle anuncios (por ejemplo, colocando cookies de terceros en su navegador web). <\/p>\n\n<p>Puede darse de baja de muchas redes publicitarias de terceros, incluidas las operadas por miembros de la Network Advertising Initiative (&#8220;<strong>NAI<\/strong>&#8220;) y la Digital Advertising Alliance (&#8220;<strong>DAA<\/strong>&#8220;). Para obtener m\u00e1s informaci\u00f3n sobre esta pr\u00e1ctica de los miembros de la NAI y la DAA, y sobre sus opciones en relaci\u00f3n con el uso de esta informaci\u00f3n por parte de estas empresas, incluido c\u00f3mo darse de baja de las redes publicitarias de terceros operadas por los miembros de la NAI y la DAA, visite sus respectivos sitios web: <a href=\"http:\/\/optout.networkadvertising.org\/#!\/\">http:\/\/optout.networkadvertising.org\/#!\/<\/a> y <a href=\"http:\/\/optout.aboutads.info\/#!\/\">http:\/\/optout.aboutads.info\/#!\/<\/a>. <\/p>\n\n<h3 class=\"wp-block-heading\"><strong>Sus derechos<\/strong><\/h3>\n\n<p>Ciertas jurisdicciones otorgan a los Usuarios ciertos derechos legales sobre su Informaci\u00f3n Personal. Usted puede tener derecho a ciertas acciones a su Informaci\u00f3n Personal, tales como: <\/p>\n\n<ul class=\"wp-block-list\">\n<li>Recibir confirmaci\u00f3n de si se est\u00e1n tratando o no Datos Personales que le conciernen, y acceder a sus Datos Personales almacenados, junto con determinada informaci\u00f3n complementaria.<\/li>\n\n\n\n<li>Para recibir Informaci\u00f3n Personal, usted se ofrece directamente a nosotros en un formato estructurado, de uso com\u00fan y legible por m\u00e1quina.<\/li>\n\n\n\n<li>Para solicitar la rectificaci\u00f3n de sus Datos Personales que est\u00e9n bajo nuestro control.<\/li>\n\n\n\n<li>Para solicitar la supresi\u00f3n de sus Datos Personales.<\/li>\n\n\n\n<li>Oponerse al tratamiento de sus datos personales por nuestra parte.<\/li>\n\n\n\n<li>Solicitar que se restrinja el tratamiento de sus Datos Personales por nuestra parte.<\/li>\n<\/ul>\n\n<p>No obstante, tenga en cuenta que estos derechos no son absolutos y pueden estar sujetos a nuestros propios intereses leg\u00edtimos y a requisitos normativos.<\/p>\n\n<p>Si desea presentar una queja sobre la forma en que hemos tratado sus Datos Personales, puede ponerse en contacto con nosotros a trav\u00e9s de los datos que figuran a continuaci\u00f3n.<\/p>\n\n<p>Si no est\u00e1 satisfecho con nuestra respuesta o cree que recogemos o tratamos sus Datos Personales de conformidad con la legislaci\u00f3n, puede presentar una reclamaci\u00f3n ante la autoridad de protecci\u00f3n de datos competente.<\/p>\n\n<h3 class=\"wp-block-heading\"><strong>\u00bfDurante cu\u00e1nto tiempo conservamos la informaci\u00f3n personal que recopilamos?<\/strong><\/h3>\n\n<p>Conservamos los Datos Personales que recabamos de los Usuarios durante el tiempo necesario para prestar nuestros Servicios y cumplir con nuestras obligaciones legales, resolver litigios y hacer cumplir nuestros acuerdos (salvo que se nos indique lo contrario). Los periodos de conservaci\u00f3n se determinar\u00e1n teniendo en cuenta el tipo de Informaci\u00f3n Personal que se recopila y la finalidad para la que se recopila, teniendo en cuenta los requisitos aplicables a la situaci\u00f3n y la necesidad de destruir la Informaci\u00f3n Personal obsoleta y no utilizada lo antes posible. De conformidad con la normativa aplicable, conservaremos los registros que contengan sus Datos Personales, documentos de apertura de cuenta, comunicaciones y cualquier otro elemento que exijan las leyes y reglamentos aplicables.  <\/p>\n\n<h3 class=\"wp-block-heading\"><strong>Transferencia internacional (para residentes en el EEE)<\/strong><\/h3>\n\n<p>Dado que operamos a nivel mundial, puede ser necesario transferir datos, incluida la Informaci\u00f3n Personal, a pa\u00edses fuera del EEE. En estos casos, s\u00f3lo transferiremos sus Datos Personales a pa\u00edses que, seg\u00fan la Comisi\u00f3n Europea, ofrezcan un nivel adecuado de protecci\u00f3n de datos o que hayan suscrito acuerdos legales que garanticen un nivel adecuado de protecci\u00f3n de datos. <\/p>\n\n<h3 class=\"wp-block-heading\"><strong>\u00bfC\u00f3mo protegemos sus datos personales?<\/strong><\/h3>\n\n<p>Ponemos gran cuidado en implementar y mantener la seguridad de los Servicios y de su Informaci\u00f3n Personal. Empleamos procedimientos est\u00e1ndar del sector para garantizar la confidencialidad, integridad y disponibilidad de los datos de nuestros usuarios, la seguridad de su Informaci\u00f3n Personal y evitar el uso no autorizado de dicha informaci\u00f3n. <\/p>\n\n<p>Sin embargo, no podemos garantizar que piratas inform\u00e1ticos o personal no autorizado no puedan acceder a la Informaci\u00f3n Personal a pesar de nuestros esfuerzos. Debe tener en cuenta que, al utilizar nuestros Servicios, sus Datos Personales ser\u00e1n transferidos a trav\u00e9s de infraestructuras de terceros que no est\u00e1n bajo nuestro control. Ning\u00fan m\u00e9todo de transmisi\u00f3n a trav\u00e9s de Internet, o m\u00e9todo de almacenamiento electr\u00f3nico, es 100% seguro. Por lo tanto, aunque nos esforzamos por utilizar medios comercialmente aceptables para proteger su Informaci\u00f3n Personal, no podemos garantizar su absoluta seguridad.   <\/p>\n\n<p>Si considera que su privacidad no ha sido tratada de acuerdo con esta pol\u00edtica de privacidad, p\u00f3ngase en contacto con nosotros directamente a trav\u00e9s de los datos de contacto disponibles m\u00e1s abajo.<\/p>\n\n<h3 class=\"wp-block-heading\"><strong>Menores<\/strong><\/h3>\n\n<p>Los Servicios no est\u00e1n destinados a personas menores de 16 a\u00f1os. Si tiene menos de 16 a\u00f1os, no debe utilizar los Servicios ni facilitarnos ning\u00fan tipo de Informaci\u00f3n Personal. <\/p>\n\n<p>Nos reservamos el derecho de acceder y verificar cualquier Informaci\u00f3n Personal que recopilemos de usted. En caso de que tengamos conocimiento de que una persona menor de 16 a\u00f1os ha compartido cualquier Informaci\u00f3n Personal, descartaremos dicha informaci\u00f3n. Si tiene alguna raz\u00f3n para creer que un menor comparti\u00f3 cualquier Informaci\u00f3n Personal con nosotros, p\u00f3ngase en contacto con nosotros a trav\u00e9s de los datos de contacto disponibles m\u00e1s abajo.  <\/p>\n\n<h3 class=\"wp-block-heading\"><strong>Cambios en la pol\u00edtica<\/strong><\/h3>\n\n<p>Nos reservamos el derecho a modificar esta pol\u00edtica de privacidad en cualquier momento, por lo que le rogamos que visite esta p\u00e1gina con frecuencia. Notificaremos los cambios sustanciales de esta pol\u00edtica de privacidad a trav\u00e9s de nuestros sitios web, o le enviaremos un correo electr\u00f3nico sobre dichos cambios a la direcci\u00f3n de correo electr\u00f3nico que nos haya facilitado voluntariamente (en caso de que lo haya hecho). Dichos cambios sustanciales entrar\u00e1n en vigor a los siete (7) d\u00edas de haber sido notificados por cualquiera de los m\u00e9todos mencionados. Por lo dem\u00e1s, todos los dem\u00e1s cambios introducidos en esta Pol\u00edtica entrar\u00e1n en vigor a partir de la fecha indicada como &#8220;\u00daltima revisi\u00f3n&#8221;, y el uso continuado de los Servicios por su parte despu\u00e9s de la fecha de la \u00daltima revisi\u00f3n constituir\u00e1 la aceptaci\u00f3n de dichos cambios y su conformidad a quedar vinculado por los mismos.   <\/p>\n\n<h3 class=\"wp-block-heading\"><strong>C\u00f3mo ponerse en contacto con nosotros<\/strong><\/h3>\n\n<p>Si tiene alguna pregunta sobre esta pol\u00edtica, p\u00f3ngase en contacto con nuestro representante de privacidad de datos en info@auto3p.com\/es\/.<\/p>\n\n<p>\u200d<\/p>\n\n<h5 class=\"wp-block-heading\"><strong>Revisado el: 11 de enero<\/strong><strong><sup>th,<\/sup><\/strong><strong> 2022<\/strong><\/h5>\n","protected":false},"excerpt":{"rendered":"<p>Introducci\u00f3n Gracias por acceder a https:\/\/auto3p.com\/es\/ (el \u00absitio web\u00bb). Este sitio web est\u00e1 gestionado por Auto3P Europe AG (en adelante, \u00abAuto3P\u00bb), una empresa registrada en Suiza (en adelante, \u00abnosotros\u00bb, \u00abnos\u00bb, \u00abnuestro\u00bb o \u00abEmpresa\u00bb). Esta pol\u00edtica de privacidad establece las bases sobre las que procesaremos cualquier Informaci\u00f3n Personal que recopilemos de usted (\u00abusted\u00bb, \u00absu\u00bb o \u00abUsuario\u00bb), [&hellip;]<\/p>\n","protected":false},"author":1,"featured_media":0,"parent":0,"menu_order":0,"comment_status":"closed","ping_status":"closed","template":"","meta":{"_acf_changed":false,"footnotes":""},"class_list":["post-2094","page","type-page","status-publish","hentry"],"acf":[],"_links":{"self":[{"href":"https:\/\/auto3p.com\/es\/wp-json\/wp\/v2\/pages\/2094","targetHints":{"allow":["GET"]}}],"collection":[{"href":"https:\/\/auto3p.com\/es\/wp-json\/wp\/v2\/pages"}],"about":[{"href":"https:\/\/auto3p.com\/es\/wp-json\/wp\/v2\/types\/page"}],"author":[{"embeddable":true,"href":"https:\/\/auto3p.com\/es\/wp-json\/wp\/v2\/users\/1"}],"replies":[{"embeddable":true,"href":"https:\/\/auto3p.com\/es\/wp-json\/wp\/v2\/comments?post=2094"}],"version-history":[{"count":1,"href":"https:\/\/auto3p.com\/es\/wp-json\/wp\/v2\/pages\/2094\/revisions"}],"predecessor-version":[{"id":2095,"href":"https:\/\/auto3p.com\/es\/wp-json\/wp\/v2\/pages\/2094\/revisions\/2095"}],"wp:attachment":[{"href":"https:\/\/auto3p.com\/es\/wp-json\/wp\/v2\/media?parent=2094"}],"curies":[{"name":"wp","href":"https:\/\/api.w.org\/{rel}","templated":true}]}}