{"id":2429,"date":"2024-11-09T16:48:35","date_gmt":"2024-11-09T16:48:35","guid":{"rendered":"https:\/\/auto3p.com\/soluciones\/companias-aseguradoras-de-vehiculos\/"},"modified":"2025-03-06T15:48:23","modified_gmt":"2025-03-06T15:48:23","slug":"companias-aseguradoras-de-vehiculos","status":"publish","type":"page","link":"https:\/\/auto3p.com\/es\/soluciones\/companias-aseguradoras-de-vehiculos\/","title":{"rendered":"Compa\u00f1\u00edas aseguradoras de veh\u00edculos"},"content":{"rendered":"","protected":false},"excerpt":{"rendered":"","protected":false},"author":8,"featured_media":0,"parent":1999,"menu_order":0,"comment_status":"closed","ping_status":"closed","template":"wp-custom-template-auto-insurance-carriers","meta":{"_acf_changed":false,"footnotes":""},"class_list":["post-2429","page","type-page","status-publish","hentry"],"acf":[],"_links":{"self":[{"href":"https:\/\/auto3p.com\/es\/wp-json\/wp\/v2\/pages\/2429","targetHints":{"allow":["GET"]}}],"collection":[{"href":"https:\/\/auto3p.com\/es\/wp-json\/wp\/v2\/pages"}],"about":[{"href":"https:\/\/auto3p.com\/es\/wp-json\/wp\/v2\/types\/page"}],"author":[{"embeddable":true,"href":"https:\/\/auto3p.com\/es\/wp-json\/wp\/v2\/users\/8"}],"replies":[{"embeddable":true,"href":"https:\/\/auto3p.com\/es\/wp-json\/wp\/v2\/comments?post=2429"}],"version-history":[{"count":1,"href":"https:\/\/auto3p.com\/es\/wp-json\/wp\/v2\/pages\/2429\/revisions"}],"predecessor-version":[{"id":2551,"href":"https:\/\/auto3p.com\/es\/wp-json\/wp\/v2\/pages\/2429\/revisions\/2551"}],"up":[{"embeddable":true,"href":"https:\/\/auto3p.com\/es\/wp-json\/wp\/v2\/pages\/1999"}],"wp:attachment":[{"href":"https:\/\/auto3p.com\/es\/wp-json\/wp\/v2\/media?parent=2429"}],"curies":[{"name":"wp","href":"https:\/\/api.w.org\/{rel}","templated":true}]}}