{"id":2060,"date":"2023-01-03T19:18:27","date_gmt":"2023-01-03T19:18:27","guid":{"rendered":"https:\/\/auto3p.com\/termeni-si-conditii\/"},"modified":"2024-08-28T07:40:52","modified_gmt":"2024-08-28T07:40:52","slug":"termeni-si-conditii","status":"publish","type":"page","link":"https:\/\/auto3p.com\/ro\/termeni-si-conditii\/","title":{"rendered":"Termeni \u0219i condi\u021bii"},"content":{"rendered":"\n<h3 class=\"wp-block-heading\"><strong>Introducere<\/strong><\/h3>\n\n<p>V\u0103 rug\u0103m s\u0103 citi\u021bi cu aten\u021bie ace\u0219ti termeni \u00eenainte de a folosi acest site. Utilizarea site-ului nostru indic\u0103 acceptarea acestor termeni. Dac\u0103 nu sunte\u021bi de acord cu ace\u0219tia, v\u0103 rug\u0103m s\u0103 nu utiliza\u021bi site-ul.  <\/p>\n\n<p>Auto3P Europe AG (denumit\u0103 \u00een continuare \u201eAuto3P\u201d), creatorul acestui site web, v\u0103 autorizeaz\u0103 s\u0103 vizualiza\u021bi, s\u0103 copia\u021bi \u0219i s\u0103 imprima\u021bi materialele de pe acest site (denumit \u00een continuare \u201eSite\u201d) conform urm\u0103toarelor condi\u021bii:<\/p>\n\n<h3 class=\"wp-block-heading\"><strong>Utilizarea site-ului<\/strong><\/h3>\n\n<p>Cu excep\u021bia cazurilor men\u021bionate \u00een mod expres, ave\u021bi permisiunea s\u0103 vizualiza\u021bi, s\u0103 copia\u021bi \u0219i s\u0103 imprima\u021bi con\u021binutul acestui site doar \u00een urm\u0103toarele condi\u021bii:<br\/>Materialele sunt folosite exclusiv pentru scopuri personale, informa\u021bionale \u0219i necomerciale.<br\/>Nu modifica\u021bi, reproduce\u021bi, publica\u021bi, afi\u0219a\u021bi sau distribui\u021bi materialele de pe acest site \u00een scopuri comerciale sau publice.<br\/>Orice copie trebuie s\u0103 includ\u0103 notific\u0103rile de drepturi de autor \u0219i alte notific\u0103ri de proprietate ale Auto3P.<br\/>Auto3P \u00ee\u0219i rezerv\u0103 dreptul de a revoca aceast\u0103 autoriza\u021bie \u00een orice moment.<br\/>Materialele de pe acest site sunt protejate prin drepturi de autor. Utilizarea neautorizat\u0103 a materialelor poate \u00eenc\u0103lca drepturile de autor, m\u0103rci comerciale \u0219i alte legi. \u00cen cazul \u00een care \u00eenc\u0103lca\u021bi ace\u0219ti termeni, permisiunea de a utiliza site-ul \u00eenceteaz\u0103 automat \u0219i trebuie s\u0103 distruge\u021bi imediat orice material copiat sau imprimat.       <\/p>\n\n<h3 class=\"wp-block-heading\"><strong>Disclaimer<\/strong><\/h3>\n\n<p>Informa\u021biile (denumite \u00een continuare \u201eInforma\u021bii\u201d) de pe acest site pot fi modificate f\u0103r\u0103 notificare prealabil\u0103. Auto3P poate schimba materialele, produsele \u0219i serviciile disponibile pe acest site, precum \u0219i pre\u021burile acestora, f\u0103r\u0103 notificare prealabil\u0103. Site-ul nostru poate con\u021bine referin\u021be la produse care nu sunt disponibile \u00een \u021bara dumneavoastr\u0103. Auto3P \u00ee\u0219i rezerv\u0103 dreptul de a anun\u021ba sau de a pune la dispozi\u021bie astfel de produse la propria discre\u021bie. V\u0103 recomand\u0103m s\u0103 contacta\u021bi Auto3P pentru informa\u021bii privind produsele disponibile pentru dumneavoastr\u0103.     <\/p>\n\n<p>Informa\u021biile, serviciile \u0219i materialele de pe acest site sunt furnizate \u201ea\u0219a cum sunt\u201d, f\u0103r\u0103 nicio garan\u021bie. De\u0219i Auto3P se str\u0103duie\u0219te s\u0103 ofere informa\u021bii precise, nu \u00ee\u0219i asum\u0103 responsabilitatea pentru acurate\u021bea \u0219i completitudinea acestora. Toate garan\u021biile implicite sunt excluse, inclusiv cele de vandabilitate \u0219i adecvare pentru un anumit scop. Auto3P nu garanteaz\u0103 c\u0103 produsele vor satisface cerin\u021bele utilizatorilor sau c\u0103 site-ul va func\u021biona f\u0103r\u0103 erori sau viru\u0219i.   <\/p>\n\n<p>Obliga\u021biile Mobius \u00een ceea ce prive\u0219te produsele \u0219i serviciile sale sunt reglementate exclusiv de acordurile \u00een baza c\u0103rora sunt furnizate, iar nimic de pe acest site nu trebuie interpretat ca modific\u00e2nd aceste acorduri. Materialele \u0219i serviciile de pe acest site pot fi dep\u0103\u0219ite, iar Auto3P nu \u00ee\u0219i asum\u0103 nicio obliga\u021bie de a actualiza materialele \u0219i serviciile de pe acest site. <\/p>\n\n<h3 class=\"wp-block-heading\"><strong>Limitarea r\u0103spunderii<\/strong><\/h3>\n\n<p>\u00cen niciun caz, Mobius, furnizorii s\u0103i sau alte p\u0103r\u021bi ter\u021be men\u021bionate pe acest site nu vor fi responsabili pentru orice daune de orice fel (inclusiv, dar f\u0103r\u0103 a se limita la, pierderi de profit, economii pierdute, pierderi de date, \u00eentreruperi ale activit\u0103\u021bii sau alte daune speciale, consecvente sau incidentale) care decurg din sau au leg\u0103tur\u0103 cu utilizarea, incapacitatea de a utiliza sau rezultatele utiliz\u0103rii acestui site, a oric\u0103ror site-uri web legate de acest site sau a oric\u0103ror materiale, informa\u021bii, produse sau servicii con\u021binute pe oricare dintre aceste site-uri, indiferent dac\u0103 se bazeaz\u0103 pe garan\u021bie, contract, delict sau orice alt\u0103 teorie juridic\u0103 \u0219i indiferent dac\u0103 Auto3P a fost sau nu avertizat cu privire la posibilitatea unor astfel de pierderi sau daune. Dac\u0103 utilizarea de c\u0103tre dvs. a materialelor, informa\u021biilor sau serviciilor de pe acest site duce la necesitatea de \u00eentre\u021binere, repara\u021bie sau corectare a echipamentelor sau datelor, ve\u021bi suporta toate costurile aferente. <\/p>\n\n<h3 class=\"wp-block-heading\"><strong>Politica de confiden\u021bialitate<\/strong><\/h3>\n\n<p>Auto3P se angajeaz\u0103 s\u0103 protejeze confiden\u021bialitatea dumneavoastr\u0103. Detalii suplimentare sunt disponibile \u00een pagina noastr\u0103 \u201ePolitica de confiden\u021bialitate\u201d. <\/p>\n\n<h3 class=\"wp-block-heading\"><strong>Proprietate intelectual\u0103<\/strong><\/h3>\n\n<p>Toate drepturile de proprietate intelectual\u0103 de pe site, inclusiv brevetele, drepturile de autor, logo-urile, m\u0103rcile comerciale \u0219i secretele comerciale sunt de\u021binute de Auto3P sau de ter\u021be p\u0103r\u021bi. Aceste drepturi se aplic\u0103 informa\u021biilor, codului informatic al site-ului, designului grafic \u0219i altor elemente. Con\u021binutul acestui site este protejat prin drepturi de autor \u0219i m\u0103rci comerciale, cu excep\u021bia cazurilor specific men\u021bionate \u00een prezentul document.  <\/p>\n\n<h3 class=\"wp-block-heading\"><strong>Linkuri c\u0103tre site-uri ter\u021be<\/strong><\/h3>\n\n<p>Leg\u0103turile de pe acest site c\u0103tre site-uri web ter\u021be sunt furnizate exclusiv pentru confortul dumneavoastr\u0103. Dac\u0103 utiliza\u021bi aceste leg\u0103turi, ve\u021bi p\u0103r\u0103si acest site. Auto3P nu a revizuit toate aceste site-uri ter\u021be, nu le controleaz\u0103 \u0219i nu este responsabil\u0103 pentru niciunul dintre aceste site-uri sau pentru con\u021binutul lor. Astfel, Auto3P nu sus\u021bine \u0219i nu face nicio declara\u021bie cu privire la acestea, la nicio informa\u021bie, software sau alte produse sau materiale g\u0103site acolo, sau la orice rezultate care ar putea fi ob\u021binute din utilizarea lor. Dac\u0103 decide\u021bi s\u0103 accesa\u021bi orice site web ter\u021b legat de acest site, face\u021bi acest lucru pe propriul risc.    <\/p>\n\n<h3 class=\"wp-block-heading\"><strong>Leg\u0103turi c\u0103tre acest site<\/strong><\/h3>\n\n<p>Pute\u021bi crea linkuri c\u0103tre acest site de pe alte site-uri, dar numai conform termenilor din acest document \u0219i legilor aplicabile:<\/p>\n\n<ul class=\"wp-block-list\">\n<li>Cel\u0103lalt site nu trebuie sa aiba con\u021binut care ar putea fi considerat de prost gust, ofensator sau controversat \u0219i con\u021bine doar con\u021binut adecvat pentru toate grupele de v\u00e2rst\u0103.<\/li>\n\n\n\n<li>Puteti face leg\u0103tura c\u0103tre, dar nu puteti reproduce con\u021binutul Auto3P.<\/li>\n\n\n\n<li>Nu crea\u021bi un browser sau un mediu de frontier\u0103 \u00een jurul con\u021binutului Auto3P.<\/li>\n\n\n\n<li>Nu implica\u021bi c\u0103 Auto3P sus\u021bine site-ul sau produsele respective.<\/li>\n\n\n\n<li>Nu trebuie s\u0103 denatureze rela\u021bia sa cu Mobius.<\/li>\n\n\n\n<li>Nu prezenta\u021bi \u00een mod eronat rela\u021bia cu Auto3P.<\/li>\n\n\n\n<li>Nu folosi\u021bi logo-urile sau m\u0103rcile Auto3P f\u0103r\u0103 permisiunea Mobius<\/li>\n<\/ul>\n\n<h3 class=\"wp-block-heading\"><strong>Generalit\u0103\u021bi<\/strong><\/h3>\n\n<p>Auto3P poate revizui ace\u0219ti Termeni \u00een orice moment prin actualizarea acestei post\u0103ri. Ar trebui s\u0103 vizita\u021bi aceast\u0103 pagin\u0103 din c\u00e2nd \u00een c\u00e2nd pentru a revizui Termenii \u00een vigoare, deoarece ace\u0219tia sunt obligatorii pentru dumneavoastr\u0103. Anumite prevederi ale acestor Termeni pot fi \u00eenlocuite de notific\u0103ri legale expres desemnate sau de termeni situa\u021bi pe anumite pagini ale acestui Site.  <\/p>\n\n<p>Cei care acceseaz\u0103 acest Site din loca\u021bii din afara Statului Israel sunt responsabili pentru respectarea legilor locale aplicabile. Orice revendicare legat\u0103 de acest Site sau de utilizarea acestuia va fi guvernat\u0103 \u0219i interpretat\u0103 conform legilor Statului Israel, f\u0103r\u0103 a \u021bine cont de principiile sale privind conflictele de legi. Orice disput\u0103 care rezult\u0103 din sau este legat\u0103 de utilizarea acestui Site va fi solu\u021bionat\u0103 \u00een instan\u021bele de stat din Tel Aviv, Israel, iar dumneavoastr\u0103 sunte\u021bi de acord cu jurisdic\u021bia exclusiv\u0103 \u0219i cu loca\u021bia \u00een aceste instan\u021be. Sunte\u021bi de acord s\u0103 renun\u021ba\u021bi la toate ap\u0103r\u0103rile legate de lipsa jurisdic\u021biei personale \u0219i de inconvenientul forumului \u0219i sunte\u021bi de acord ca procesul s\u0103 fie desf\u0103\u0219urat \u00eentr-un mod autorizat de legea aplicabil\u0103 sau de regulile instan\u021bei.   <\/p>\n\n<p>Dac\u0103 orice termen sau prevedere a acestui termen legal este considerat invalid din orice motiv, aceast\u0103 invaliditate nu va afecta niciun alt termen sau prevedere, iar acest termen legal va fi interpretat ca \u0219i cum acel termen sau prevedere nu ar fi fost niciodat\u0103 inclus \u00een acest termen legal.<\/p>\n","protected":false},"excerpt":{"rendered":"<p>Introducere V\u0103 rug\u0103m s\u0103 citi\u021bi cu aten\u021bie ace\u0219ti termeni \u00eenainte de a folosi acest site. Utilizarea site-ului nostru indic\u0103 acceptarea acestor termeni. Dac\u0103 nu sunte\u021bi de acord cu ace\u0219tia, v\u0103 rug\u0103m s\u0103 nu utiliza\u021bi site-ul. Auto3P Europe AG (denumit\u0103 \u00een continuare \u201eAuto3P\u201d), creatorul acestui site web, v\u0103 autorizeaz\u0103 s\u0103 vizualiza\u021bi, s\u0103 copia\u021bi \u0219i s\u0103 imprima\u021bi [&hellip;]<\/p>\n","protected":false},"author":1,"featured_media":0,"parent":0,"menu_order":0,"comment_status":"closed","ping_status":"closed","template":"","meta":{"_acf_changed":false,"footnotes":""},"class_list":["post-2060","page","type-page","status-publish","hentry"],"acf":[],"_links":{"self":[{"href":"https:\/\/auto3p.com\/ro\/wp-json\/wp\/v2\/pages\/2060","targetHints":{"allow":["GET"]}}],"collection":[{"href":"https:\/\/auto3p.com\/ro\/wp-json\/wp\/v2\/pages"}],"about":[{"href":"https:\/\/auto3p.com\/ro\/wp-json\/wp\/v2\/types\/page"}],"author":[{"embeddable":true,"href":"https:\/\/auto3p.com\/ro\/wp-json\/wp\/v2\/users\/1"}],"replies":[{"embeddable":true,"href":"https:\/\/auto3p.com\/ro\/wp-json\/wp\/v2\/comments?post=2060"}],"version-history":[{"count":1,"href":"https:\/\/auto3p.com\/ro\/wp-json\/wp\/v2\/pages\/2060\/revisions"}],"predecessor-version":[{"id":2061,"href":"https:\/\/auto3p.com\/ro\/wp-json\/wp\/v2\/pages\/2060\/revisions\/2061"}],"wp:attachment":[{"href":"https:\/\/auto3p.com\/ro\/wp-json\/wp\/v2\/media?parent=2060"}],"curies":[{"name":"wp","href":"https:\/\/api.w.org\/{rel}","templated":true}]}}