{"id":2078,"date":"2022-12-20T13:52:20","date_gmt":"2022-12-20T13:52:20","guid":{"rendered":"https:\/\/auto3p.com\/%d1%81ontact\/"},"modified":"2024-08-28T08:42:28","modified_gmt":"2024-08-28T08:42:28","slug":"%d1%81ontact","status":"publish","type":"page","link":"https:\/\/auto3p.com\/ro\/%d1%81ontact\/","title":{"rendered":"\u0421ontact"},"content":{"rendered":"\n<div class=\"wp-block-group contact-form-group-section is-layout-constrained wp-container-core-group-is-layout-5fb0786f wp-block-group-is-layout-constrained\">\n<div class=\"wp-block-group contact-form-group has-background is-layout-constrained wp-block-group-is-layout-constrained\" style=\"background-color:#eff5ff\">\n<h2 class=\"title has-x-large-font-size wp-block-heading\" style=\"font-style:normal;font-weight:600\">Scrie\u021bi-ne<\/h2>\n\n\n\n<p class=\"sub-title\">Trimite\u021bi-ne un mesaj \u0219i ve\u021bi primi \u00een cur\u00e2nd r\u0103spuns de la un membru al echipei noastre<\/p>\n\n\n\n<div class=\"wp-block-contact-form-7-contact-form-selector\">\n<div class=\"wpcf7 no-js\" id=\"wpcf7-f2077-o1\" lang=\"ro-RO\" dir=\"ltr\">\n<div class=\"screen-reader-response\"><p role=\"status\" aria-live=\"polite\" aria-atomic=\"true\"><\/p> <ul><\/ul><\/div>\n<form action=\"\/ro\/wp-json\/wp\/v2\/pages\/2078#wpcf7-f2077-o1\" method=\"post\" class=\"wpcf7-form init\" aria-label=\"Formular de contact\" novalidate=\"novalidate\" data-status=\"init\">\n<div style=\"display: none;\">\n<input type=\"hidden\" name=\"_wpcf7\" value=\"2077\" \/>\n<input type=\"hidden\" name=\"_wpcf7_version\" value=\"5.9.8\" \/>\n<input type=\"hidden\" name=\"_wpcf7_locale\" value=\"ro_RO\" \/>\n<input type=\"hidden\" name=\"_wpcf7_unit_tag\" value=\"wpcf7-f2077-o1\" \/>\n<input type=\"hidden\" name=\"_wpcf7_container_post\" value=\"0\" \/>\n<input type=\"hidden\" name=\"_wpcf7_posted_data_hash\" value=\"\" \/>\n<input type=\"hidden\" name=\"_wpcf7_recaptcha_response\" value=\"\" \/>\n<\/div>\n<div class=\"is-layout-flex wp-container-15 wp-block-columns\">\n\t<div class=\"is-layout-flow wp-block-column n_column__full-width\">\n\t\t<p><label>Nume complet <span class=\"is-required\">*<\/span><br \/>\n<span class=\"wpcf7-form-control-wrap\" data-name=\"full-name\"><input size=\"40\" maxlength=\"400\" class=\"wpcf7-form-control wpcf7-text wpcf7-validates-as-required\" tabindex=\"1\" autocomplete=\"name\" aria-required=\"true\" aria-invalid=\"false\" value=\"\" type=\"text\" name=\"full-name\" \/><\/span> <\/label>\n\t\t<\/p>\n\t<\/div>\n\t<div class=\"is-layout-flow wp-block-column\">\n\t\t<p><label>Email <span class=\"is-required\">*<\/span><br \/>\n<span class=\"wpcf7-form-control-wrap\" data-name=\"email\"><input size=\"40\" maxlength=\"400\" class=\"wpcf7-form-control wpcf7-email wpcf7-validates-as-required wpcf7-text wpcf7-validates-as-email\" tabindex=\"2\" autocomplete=\"email\" aria-required=\"true\" aria-invalid=\"false\" value=\"\" type=\"email\" name=\"email\" \/><\/span> <\/label>\n\t\t<\/p>\n\t<\/div>\n\t<div class=\"is-layout-flow wp-block-column\">\n\t\t<p><label>Telefon <span class=\"wpcf7-form-control-wrap\" data-name=\"phone\"><input size=\"40\" maxlength=\"400\" class=\"wpcf7-form-control wpcf7-tel wpcf7-text wpcf7-validates-as-tel\" tabindex=\"3\" aria-invalid=\"false\" value=\"\" type=\"tel\" name=\"phone\" \/><\/span> <\/label>\n\t\t<\/p>\n\t<\/div>\n\t<div class=\"is-layout-flow wp-block-column\">\n\t\t<p><label>\u021aara <span class=\"wpcf7-form-control-wrap\" data-name=\"country\"><input size=\"40\" maxlength=\"400\" class=\"wpcf7-form-control wpcf7-text\" tabindex=\"4\" autocomplete=\"country\" aria-invalid=\"false\" value=\"\" type=\"text\" name=\"country\" \/><\/span> <\/label>\n\t\t<\/p>\n\t<\/div>\n\t<div class=\"is-layout-flow wp-block-column\">\n\t\t<p><label>Service <span class=\"wpcf7-form-control-wrap\" data-name=\"service\"><select class=\"wpcf7-form-control wpcf7-select\" tabindex=\"6\" aria-invalid=\"false\" name=\"service\"><option value=\"\">Selecta\u021bi<\/option><option value=\"Produc\u0103tori auto &amp; dealeri\">Produc\u0103tori auto &amp; dealeri<\/option><option value=\"Gestionarea cererilor de desp\u0103gubire pentru asigur\u0103ri auto\">Gestionarea cererilor de desp\u0103gubire pentru asigur\u0103ri auto<\/option><option value=\"Facilit\u0103\u021bi de repara\u021bii\">Facilit\u0103\u021bi de repara\u021bii<\/option><option value=\"Achizi\u021bie de piese\">Achizi\u021bie de piese<\/option><option value=\"Gestionarea flotei\">Gestionarea flotei<\/option><\/select><\/span><br \/>\n<\/label>\n\t\t<\/p>\n\t<\/div>\n\t<div class=\"is-layout-flow wp-block-column n_column__full-width\">\n\t\t<p><label>Mesaj <span class=\"wpcf7-form-control-wrap\" data-name=\"your-message\"><textarea cols=\"40\" rows=\"10\" maxlength=\"2000\" class=\"wpcf7-form-control wpcf7-textarea\" tabindex=\"5\" aria-invalid=\"false\" name=\"your-message\"><\/textarea><\/span> <\/label>\n\t\t<\/p>\n\t<\/div>\n<\/div>\n<div class=\"wp-block-button n_contact-form-button\">\n\t<p><input class=\"wpcf7-form-control wpcf7-submit has-spinner wp-block-button__link wp-element-button\" type=\"submit\" value=\"Trimite\u021bi\" \/>\n\t<\/p>\n<\/div><div class=\"wpcf7-response-output\" aria-hidden=\"true\"><\/div>\n<\/form>\n<\/div>\n<\/div>\n<\/div>\n<\/div>\n","protected":false},"excerpt":{"rendered":"<p>Scrie\u021bi-ne Trimite\u021bi-ne un mesaj \u0219i ve\u021bi primi \u00een cur\u00e2nd r\u0103spuns de la un membru al echipei noastre<\/p>\n","protected":false},"author":1,"featured_media":0,"parent":0,"menu_order":0,"comment_status":"closed","ping_status":"closed","template":"contact","meta":{"_acf_changed":false,"footnotes":""},"class_list":["post-2078","page","type-page","status-publish","hentry"],"acf":[],"_links":{"self":[{"href":"https:\/\/auto3p.com\/ro\/wp-json\/wp\/v2\/pages\/2078","targetHints":{"allow":["GET"]}}],"collection":[{"href":"https:\/\/auto3p.com\/ro\/wp-json\/wp\/v2\/pages"}],"about":[{"href":"https:\/\/auto3p.com\/ro\/wp-json\/wp\/v2\/types\/page"}],"author":[{"embeddable":true,"href":"https:\/\/auto3p.com\/ro\/wp-json\/wp\/v2\/users\/1"}],"replies":[{"embeddable":true,"href":"https:\/\/auto3p.com\/ro\/wp-json\/wp\/v2\/comments?post=2078"}],"version-history":[{"count":1,"href":"https:\/\/auto3p.com\/ro\/wp-json\/wp\/v2\/pages\/2078\/revisions"}],"predecessor-version":[{"id":2079,"href":"https:\/\/auto3p.com\/ro\/wp-json\/wp\/v2\/pages\/2078\/revisions\/2079"}],"wp:attachment":[{"href":"https:\/\/auto3p.com\/ro\/wp-json\/wp\/v2\/media?parent=2078"}],"curies":[{"name":"wp","href":"https:\/\/api.w.org\/{rel}","templated":true}]}}