{"id":2115,"date":"2022-08-06T18:00:19","date_gmt":"2022-08-06T18:00:19","guid":{"rendered":"https:\/\/auto3p.com\/privacy-policy\/"},"modified":"2024-08-28T10:19:04","modified_gmt":"2024-08-28T10:19:04","slug":"privacy-policy","status":"publish","type":"page","link":"https:\/\/auto3p.com\/ro\/privacy-policy\/","title":{"rendered":"Privacy policy"},"content":{"rendered":"\n<h3 class=\"wp-block-heading\"><strong>Introducere<\/strong><\/h3>\n\n<p>V\u0103 mul\u021bumim c\u0103 a\u021bi vizitat <a href=\"https:\/\/www.cyberarmor.io\/?__hstc=113074139.dfb6b593518ab0ca5e62726361206f83.1672941818515.1672941818515.1673193621526.2&amp;__hssc=113074139.2.1673193621526&amp;__hsfp=2911786793\">https:\/\/auto3p.com\/ro\/<\/a> (denumit \u00een continuare \u201e<strong>site-ul web<\/strong>\u201d). Acest site este operat de Auto3P Europe AG (denumit\u0103 \u00een continuare \u201eAuto3P\u201d, \u201e<strong>noi<\/strong>\u201d, \u201e<strong>ne<\/strong>\u201d, \u201e<strong>nostru<\/strong>\u201d sau \u201e<strong>societatea<\/strong>\u201d). Politica noastr\u0103 de confiden\u021bialitate descrie modul \u00een care colect\u0103m, utiliz\u0103m \u0219i gestion\u0103m informa\u021biile dumneavoastr\u0103 <strong>personale<\/strong> (\u201e<strong>dvs<\/strong>.\u201d, \u201e<strong>Utilizator<\/strong>\u201d) atunci c\u00e2nd folosi\u021bi site-ul web sau serviciile, func\u021bionalit\u0103\u021bile sau caracteristicile oferite ocazional pe site (\u201e<strong>Servicii<\/strong>\u201d). <\/p>\n\n<p>V\u0103 \u00eencuraj\u0103m s\u0103 citi\u021bi aceast\u0103 politic\u0103 cu aten\u021bie pentru a \u00een\u021belege cum v\u0103 protej\u0103m datele.<\/p>\n\n<h3 class=\"wp-block-heading\"><strong>Colectarea \u0219i stocarea informa\u021biilor personale<\/strong><\/h3>\n\n<p>Colect\u0103m \u0219i utiliz\u0103m urm\u0103toarele tipuri de informa\u021bii despre dumneavoastr\u0103:<\/p>\n\n<h3 class=\"wp-block-heading\"><strong>Informa\u021bii f\u0103r\u0103 caracter personal:<\/strong><\/h3>\n\n<p>Acestea sunt date neidentificabile individual care nu pot fi folosite pentru a v\u0103 identifica personal. Nu cunoa\u0219tem identitatea utilizatorului care furnizeaz\u0103 aceste informa\u021bii. <\/p>\n\n<p>Putem anonimiz\u0103 sau de-identifica informa\u021biile colectate de pe site-ul web sau prin alte mijloace astfel \u00eenc\u00e2t aceste informa\u021bii s\u0103 nu poat\u0103, de sine st\u0103t\u0103tor, s\u0103 te identifice personal. De asemenea, colect\u0103m date agregate despre utilizarea \u0219i activitatea ta pe site-ul nostru \u0219i asupra Serviciilor noastre. Utilizarea \u0219i divulgarea de c\u0103tre noi a acestor informa\u021bii agregate sau de-identificate nu sunt supuse niciunei restric\u021bii conform acestei politici de confiden\u021bialitate, iar noi putem s\u0103 le divulg\u0103m altora f\u0103r\u0103 limit\u0103ri \u0219i \u00een orice scop.  <\/p>\n\n<p>Pentru a evita orice dubiu, dac\u0103 combin\u0103m Informa\u021biile Personale cu Informa\u021biile Non-personale (de exemplu, datele de analiz\u0103), informa\u021biile combinate vor fi tratate ca Informa\u021bii Personale at\u00e2ta timp c\u00e2t r\u0103m\u00e2n combinate.<\/p>\n\n<h3 class=\"wp-block-heading\"><strong>Informa\u021bii personale:<\/strong><\/h3>\n\n<p>Informa\u021biile Personale sunt informa\u021bii care identific\u0103 o persoan\u0103 sau care, cu eforturi rezonabile, pot identifica o persoan\u0103. Colect\u0103m urm\u0103toarele tipuri de Informa\u021bii Personale: <\/p>\n\n<h3 class=\"wp-block-heading\"><strong>Tehnologii de urm\u0103rire utilizate:<\/strong><\/h3>\n\n<p>Exist\u0103 cinci tipuri principale de Tehnologii de Urm\u0103rire:<\/p>\n\n<ul class=\"wp-block-list\">\n<li><strong>Nume, adres\u0103 de email \u0219i alte informa\u021bii de contact:<\/strong> \u00ce\u021bi cerem \u0219i, op\u021bional, colect\u0103m datele tale de contact (cum ar fi numele \u0219i adresa de email) atunci c\u00e2nd completezi formulare web pe site-ul nostru, inclusiv completarea formularelor de aplica\u021bie pentru a primi o demonstra\u021bie a Serviciilor noastre \u0219i oportunit\u0103\u021bi de a te abona \u0219i de a fi de acord s\u0103 prime\u0219ti comunic\u0103ri prin email de la noi. Vom trimite astfel de comunic\u0103ri \u00een conformitate cu legea aplicabil\u0103. <\/li>\n\n\n\n<li><strong>Informa\u021bii furnizate voluntar:<\/strong> Colect\u0103m Informa\u021bii Personale pe care Utilizatorii ni le ofer\u0103 \u00een mod voluntar. De exemplu, atunci c\u00e2nd r\u0103spund la comunic\u0103rile noastre sau c\u00e2nd \u00eemp\u0103rt\u0103\u0219esc informa\u021bii suplimentare prin utilizarea site-ului nostru \u0219i a Serviciilor noastre. <\/li>\n\n\n\n<li><strong>Informa\u021bii despre dispozitiv:<\/strong> Colect\u0103m de la Utilizatorii no\u0219tri tipuri specifice de detalii de conexiune \u0219i informa\u021bii referitoare la dispozitivul, software-ul sau hardware-ul lor care ar putea s\u0103-i identifice, cum ar fi identificatori online, identificatori unici ai dispozitivului (de exemplu, UDID, adres\u0103 MAC), adresa IP \u0219i geolocalizarea.<\/li>\n<\/ul>\n\n<h3 class=\"wp-block-heading\"><strong>Cum folosim Informa\u021biile Personale<\/strong><\/h3>\n\n<p>Pe l\u00e2ng\u0103 scopurile enumerate aici, Informa\u021biile Personale pe care le colect\u0103m sunt utilizate \u00een urm\u0103toarele scopuri:<\/p>\n\n<ul class=\"wp-block-list\">\n<li>A oferi, opera, men\u021bine, \u00eembun\u0103t\u0103\u021bi \u0219i promova serviciile noastre.<\/li>\n\n\n\n<li>\u00ce\u021bi permite s\u0103 accesezi \u0219i s\u0103 utilizezi serviciile noastre.<\/li>\n\n\n\n<li>A trimite mesaje tranzac\u021bionale, inclusiv r\u0103spunsuri la comentariile, \u00eentreb\u0103rile \u0219i cererile tale; a oferi servicii \u0219i suport pentru clien\u021bi; \u0219i a-\u021bi trimite notific\u0103ri tehnice, actualiz\u0103ri, alerte de securitate, precum \u0219i mesaje de suport \u0219i administrative.<\/li>\n\n\n\n<li>A trimite comunica\u021bii comerciale, conform preferin\u021belor tale de comunicare, cum ar fi furnizarea de informa\u021bii despre produse \u0219i servicii, func\u021bionalit\u0103\u021bi, sondaje, buletine informative, oferte, promo\u021bii, concursuri \u0219i evenimente despre noi \u0219i partenerii no\u0219tri; \u0219i a trimite alte \u0219tiri sau informa\u021bii despre noi \u0219i partenerii no\u0219tri (vezi mai multe la sec\u021biunea \u201eMarketing\u201d).<\/li>\n\n\n\n<li>Pentru a-\u021bi afi\u0219a reclame relevante pentru tine \u0219i interesele tale atunci c\u00e2nd folose\u0219ti site-ul nostru (vezi mai multe la sec\u021biunea \u201ePublicitate\u201c).<\/li>\n\n\n\n<li>a monitoriza \u0219i analiza tendin\u021bele, utilizarea \u0219i activit\u0103\u021bile \u00een leg\u0103tur\u0103 cu site-urile web \u0219i Serviciile noastre \u0219i \u00een scopuri de marketing sau publicitate.<\/li>\n\n\n\n<li>A respecta obliga\u021biile legale, precum \u0219i a investiga \u0219i preveni tranzac\u021biile frauduloase, accesul neautorizat la Servicii \u0219i alte activit\u0103\u021bi ilegale.<\/li>\n\n\n\n<li>A procesa pentru alte scopuri pentru care ob\u021binem consim\u021b\u0103m\u00e2ntul t\u0103u.<\/li>\n<\/ul>\n\n<h3 class=\"wp-block-heading\"><strong>Cu cine \u00eemp\u0103rt\u0103\u0219im Informa\u021biile Personale pe care le colect\u0103m?<\/strong><\/h3>\n\n<p>Colabor\u0103m cu alte companii care ne ajut\u0103 s\u0103 ne desf\u0103\u0219ur\u0103m activitatea (\u201e<strong>Furnizori de Servicii<\/strong>\u201d). Aceste companii ofer\u0103 servicii pentru a ne ajuta s\u0103 stoc\u0103m informa\u021bii (de exemplu, companii de stocare \u00een cloud), s\u0103 livr\u0103m suport pentru clien\u021bi, s\u0103 monitoriz\u0103m \u0219i s\u0103 analiz\u0103m performan\u021ba Serviciilor noastre, s\u0103 oferim suport pentru marketing \u0219i, \u00een general, s\u0103 oper\u0103m \u0219i s\u0103 \u00eembun\u0103t\u0103\u021bim Serviciile noastre. Ace\u0219ti Furnizori de Servicii pot procesa Informa\u021biile Personale doar conform instruc\u021biunilor noastre \u0219i \u00een conformitate cu aceast\u0103 politic\u0103 de confiden\u021bialitate, precum \u0219i cu alte m\u0103suri \u0219i reglement\u0103ri de confiden\u021bialitate \u0219i securitate aplicabile.  <\/p>\n\n<p>\u00cen mod specific, nu permitem furnizorilor no\u0219tri de servicii s\u0103 utilizeze informa\u021biile personale pe care le \u00eemp\u0103rt\u0103\u0219im cu ei \u00een scopuri de marketing proprii sau \u00een orice alt scop dec\u00e2t \u00een leg\u0103tur\u0103 cu serviciile pe care ni le furnizeaz\u0103.<\/p>\n\n<p>\u00cen plus fa\u021b\u0103 de partajarea cu furnizorii de servicii, a\u0219a cum este descris mai sus, putem, de asemenea, partaja informa\u021biile dvs. personale cu alte persoane \u00een urm\u0103toarele circumstan\u021be:<\/p>\n\n<ul class=\"wp-block-list\">\n<li>Cu alte subsidiare sau companii afiliate.<\/li>\n\n\n\n<li>\u00cen cazul unei fuziuni, v\u00e2nz\u0103ri, schimb\u0103ri \u00een control sau reorganiz\u0103ri ale \u00eentregii sau unei p\u0103r\u021bi din activitatea noastr\u0103.<\/li>\n\n\n\n<li>C\u00e2nd suntem obliga\u021bi s\u0103 dezv\u0103luim Informa\u021bii Personale pentru a r\u0103spunde la cita\u021bii, ordine ale instan\u021bei sau procese legale, sau pentru a stabili sau a ne exercita drepturile legale ori a ne ap\u0103ra \u00eempotriva revendic\u0103rilor legale.<\/li>\n\n\n\n<li>Atunci c\u00e2nd avem o credin\u021b\u0103 de bun\u0103-credin\u021b\u0103 c\u0103 \u00eemp\u0103rt\u0103\u0219irea este necesar\u0103 pentru a investiga, preveni sau lua m\u0103suri \u00een leg\u0103tur\u0103 cu activit\u0103\u021bi ilegale, fraud\u0103 suspectat\u0103, situa\u021bii care implic\u0103 amenin\u021b\u0103ri poten\u021biale la adresa siguran\u021bei fizice a oric\u0103rei persoane, \u00eenc\u0103lc\u0103ri ale politicilor noastre, sau \u00een alt mod necesar pentru a respecta obliga\u021biile noastre legale; sau<\/li>\n\n\n\n<li>A\u0219a cum po\u021bi consim\u021bi din c\u00e2nd \u00een c\u00e2nd<\/li>\n<\/ul>\n\n<p>P\u0103r\u021bile ter\u021be cu care putem \u00eemp\u0103rt\u0103\u0219i Informa\u021biile Tale Personale vor fi obligate s\u0103 respecte standardele noastre privind procesarea informa\u021biilor \u0219i securitatea. Informa\u021biile Personale pe care le furniz\u0103m vor fi oferite doar \u00een leg\u0103tur\u0103 cu \u00eendeplinirea func\u021biei lor. <\/p>\n\n<h3 class=\"wp-block-heading\"><strong>De ce folosim Informa\u021biile Tale Personale<\/strong><\/h3>\n\n<p>V\u0103 rug\u0103m s\u0103 re\u021bine\u021bi c\u0103 temeiul nostru juridic pentru colectarea \u0219i utilizarea informa\u021biilor dvs. personale va depinde de informa\u021biile personale colectate \u0219i de contextul specific \u00een care le colect\u0103m. \u00cen mod normal, colect\u0103m informa\u021bii cu caracter personal de la dvs. numai atunci c\u00e2nd: (a) avem consim\u021b\u0103m\u00e2ntul dumneavoastr\u0103 pentru a face acest lucru, (b) atunci c\u00e2nd avem nevoie de Informa\u021biile dvs. cu caracter personal pentru a executa un contract cu dvs. (de exemplu, pentru a furniza serviciul pe care l-a\u021bi solicitat), (c) atunci c\u00e2nd prelucrarea este \u00een interesul nostru legitim; sau (d) atunci c\u00e2nd suntem obliga\u021bi s\u0103 colect\u0103m, s\u0103 p\u0103str\u0103m sau s\u0103 partaj\u0103m astfel de informa\u021bii cu caracter personal \u00een conformitate cu legile aplicabile.     <\/p>\n\n<p>\u00cen unele cazuri, poate fi necesar s\u0103 colect\u0103m Informa\u021bii Personale pentru a proteja interesele tale esen\u021biale sau ale altor persoane.<\/p>\n\n<p>Atunci c\u00e2nd ne baz\u0103m pe consim\u021b\u0103m\u00e2ntul t\u0103u pentru a procesa Informa\u021biile Tale Personale, ai dreptul de a retrage sau refuza consim\u021b\u0103m\u00e2ntul \u00een orice moment. C\u00e2nd ne baz\u0103m pe interesele noastre legitime pentru a procesa Informa\u021biile Tale Personale, ai dreptul de a obiecta. <\/p>\n\n<p>Dac\u0103 ai \u00eentreb\u0103ri sau ai nevoie de informa\u021bii suplimentare privind baza legal\u0103 pe care ne baz\u0103m pentru a colecta \u0219i utiliza Informa\u021biile Tale Personale, te rug\u0103m s\u0103 ne contactezi folosind detaliile de contact disponibile mai jos.<\/p>\n\n<h3 class=\"wp-block-heading\"><strong>Cookie-uri<\/strong><\/h3>\n\n<p>C\u00e2nd vizitezi sau accesezi site-urile noastre, folosim (\u0219i autoriz\u0103m ter\u021be p\u0103r\u021bi s\u0103 foloseasc\u0103) pixeli, cookie-uri, evenimente \u0219i alte tehnologii (denumite \u00eempreun\u0103 \u201e<strong>Tehnologii de Urm\u0103rire<\/strong>\u201d). Acestea ne permit s\u0103 colect\u0103m automat informa\u021bii despre tine, dispozitivul t\u0103u \u0219i comportamentul t\u0103u online, pentru a \u00eembun\u0103t\u0103\u021bi navigarea pe site-urile noastre, a \u00eembun\u0103t\u0103\u021bi performan\u021ba acestora, a realiza analize \u0219i a personaliza experien\u021ba ta. \u00cen plus, putem combina datele pe care le avem cu datele colectate prin aceste tehnologii de urm\u0103rire \u0219i cu datele pe care le putem ob\u021bine din alte surse, iar ca urmare, aceste date pot deveni Informa\u021bii Personale. Pentru mai multe informa\u021bii despre cookie-urile pe care le folosim, te rug\u0103m s\u0103 cite\u0219ti politica noastr\u0103 privind cookie-urile, a c\u0103rei copie poate fi g\u0103sit\u0103 aici.   <\/p>\n\n<p>Folosim de asemenea un instrument numit \u201eGoogle Analytics\u201d pentru a colecta informa\u021bii despre utilizarea site-urilor noastre. Google Analytics colecteaz\u0103 informa\u021bii precum frecven\u021ba cu care utilizatorii acceseaz\u0103 site-urile, ce pagini viziteaz\u0103 atunci c\u00e2nd o fac, etc. Informa\u021biile ob\u021binute de la Google Analytics sunt utilizate doar pentru a \u00eembun\u0103t\u0103\u021bi site-urile noastre \u0219i serviciile noastre. Google Analytics colecteaz\u0103 adresa IP atribuit\u0103 \u021bie \u00een data vizitei pe site-uri, \u00een loc de numele t\u0103u sau alte informa\u021bii de identificare. Nu combin\u0103m informa\u021biile colectate prin utilizarea Google Analytics cu informa\u021bii personale de identificare. Capacitatea Google de a utiliza \u0219i de a \u00eemp\u0103rt\u0103\u0219i informa\u021biile colectate de Google Analytics despre vizitele tale pe site-uri este restric\u021bionat\u0103 de <a href=\"https:\/\/www.google.com\/analytics\/terms\/us.html\">Termenii de Utilizare <\/a><a href=\"https:\/\/www.google.com\/policies\/privacy\/\">Google Analytics \u0219i de Politica<\/a> de Confiden\u021bialitate Google.     <\/p>\n\n<h3 class=\"wp-block-heading\"><strong>Marketing<\/strong><\/h3>\n\n<p>Putem utiliza Informa\u021biile Tale Personale, cum ar fi numele t\u0103u complet, adresa de e-mail, etc., fie direct, fie prin intermediul partenerilor no\u0219tri ter\u021bi, pentru a-\u021bi furniza materiale promo\u021bionale referitoare la Serviciile noastre.<\/p>\n\n<p>\u00cen orice moment, po\u021bi solicita dezabonarea \u0219i \u00eencetarea primirii ofertelor de marketing trimi\u021b\u00e2ndu-ne un mesaj gol cu cuv\u00e2ntul \u201eremove\u201d la detaliile de contact disponibile mai jos.<\/p>\n\n<p>Te rug\u0103m s\u0103 re\u021bii c\u0103, chiar dac\u0103 te dezabonezi de la lista noastr\u0103 de coresponden\u021b\u0103 pentru marketing, este posibil s\u0103 continu\u0103m s\u0103-\u021bi trimitem actualiz\u0103ri \u0219i notific\u0103ri legate de Servicii.<\/p>\n\n<h3 class=\"wp-block-heading\"><strong>Publicitate<\/strong><\/h3>\n\n<p>Putem utiliza o tehnologie de publicitate a unei ter\u021be p\u0103r\u021bi pentru a afi\u0219a reclame atunci c\u00e2nd accesezi Site-ul. Aceast\u0103 tehnologie folose\u0219te informa\u021biile tale referitoare la utilizarea Serviciilor pentru a-\u021bi prezenta reclame (de exemplu, prin plasarea cookie-urilor ter\u021b\u0103 parte pe browserul t\u0103u web). <\/p>\n\n<p>Po\u021bi opta s\u0103 nu mai prime\u0219ti reclame de la multe re\u021bele de publicitate ter\u021b\u0103 parte, inclusiv cele operate de membrii Network Advertising Initiative (\u201e<strong>NAI<\/strong>\u201d) \u0219i Digital Advertising Alliance (\u201e<strong>DAA<\/strong>\u201d). Pentru mai multe informa\u021bii despre aceast\u0103 practic\u0103 a membrilor NAI \u0219i DAA \u0219i despre op\u021biunile tale privind utilizarea acestor informa\u021bii de c\u0103tre aceste companii, inclusiv cum s\u0103 te dezabonezi de la re\u021belele de publicitate ter\u021b\u0103 parte operate de membrii NAI \u0219i DAA, te rug\u0103m s\u0103 vizitezi site-urile lor respective: <a href=\"http:\/\/optout.networkadvertising.org\/#!\/\">http:\/\/optout.networkadvertising.org\/#!\/<\/a> \u0219i <a href=\"http:\/\/optout.aboutads.info\/#!\/\">http:\/\/optout.aboutads.info\/#!\/<\/a>. <\/p>\n\n<h3 class=\"wp-block-heading\"><strong>Drepturile Tale<\/strong><\/h3>\n\n<p>Anumite jurisdic\u021bii ofer\u0103 utilizatorilor anumite drepturi legale asupra Informa\u021biilor lor Personale. Ai putea avea dreptul la anumite ac\u021biuni asupra Informa\u021biilor Tale Personale, cum ar fi: <\/p>\n\n<ul class=\"wp-block-list\">\n<li>S\u0103 prime\u0219ti confirmarea dac\u0103 Informa\u021biile Tale Personale sunt sau nu procesate \u0219i s\u0103 ai acces la Informa\u021biile Tale Personale stocate, \u00eempreun\u0103 cu anumite informa\u021bii suplimentare.<\/li>\n\n\n\n<li>S\u0103 prime\u0219ti Informa\u021biile Personale pe care ni le-ai furnizat direct \u00eentr-un format structurat, utilizat frecvent \u0219i citibil de c\u0103tre ma\u0219ini.<\/li>\n\n\n\n<li>S\u0103 solici\u021bi rectificarea Informa\u021biilor Tale Personale aflate sub controlul nostru.<\/li>\n\n\n\n<li>S\u0103 solici\u021bi \u0219tergerea Informa\u021biilor Tale Personale.<\/li>\n\n\n\n<li>S\u0103 te opui proces\u0103rii Informa\u021biilor Tale Personale de c\u0103tre noi.<\/li>\n\n\n\n<li>S\u0103 solici\u021bi restric\u021bionarea proces\u0103rii Informa\u021biilor Tale Personale de c\u0103tre noi.<\/li>\n<\/ul>\n\n<p>Cu toate acestea, te rug\u0103m s\u0103 notezi c\u0103 aceste drepturi nu sunt absolute \u0219i pot fi supuse intereselor noastre legitime \u0219i cerin\u021belor de reglementare.<\/p>\n\n<p>Dac\u0103 dore\u0219ti s\u0103 formulezi o pl\u00e2ngere cu privire la modul \u00een care am gestionat Informa\u021biile Tale Personale, po\u021bi s\u0103 ne contactezi folosind detaliile de contact disponibile mai jos.<\/p>\n\n<p>Dac\u0103 nu e\u0219ti mul\u021bumit de r\u0103spunsul nostru sau crezi c\u0103 colect\u0103m sau proces\u0103m Informa\u021biile Tale Personale \u00een conformitate cu legea, po\u021bi depune o pl\u00e2ngere la autoritatea de protec\u021bie a datelor aplicabil\u0103.<\/p>\n\n<h3 class=\"wp-block-heading\"><strong>Pentru c\u00e2t timp p\u0103str\u0103m Informa\u021biile Tale Personale pe care le colect\u0103m?<\/strong><\/h3>\n\n<p>P\u0103str\u0103m Informa\u021biile Tale Personale colectate de la Utilizatori at\u00e2t timp c\u00e2t este necesar pentru a oferi Serviciile noastre \u0219i pentru a respecta obliga\u021biile noastre legale, a rezolva dispute \u0219i a aplica acordurile noastre (cu excep\u021bia cazului \u00een care primim alte instruc\u021biuni). Perioadele de p\u0103strare vor fi stabilite \u021bin\u00e2nd cont de tipul de Informa\u021bii Personale colectate \u0219i de scopul pentru care au fost colectate, av\u00e2nd \u00een vedere cerin\u021bele aplicabile situa\u021biei \u0219i necesitatea distrugerii Informa\u021biilor Personale \u00eenvechite sau neutilizate \u00een cel mai scurt timp rezonabil. Conform reglement\u0103rilor aplicabile, vom p\u0103stra documentele care con\u021bin Informa\u021biile Tale Personale, documentele de deschidere a contului, comunic\u0103rile \u0219i orice altceva conform cerin\u021belor legale \u0219i de reglementare aplicabile.  <\/p>\n\n<h3 class=\"wp-block-heading\"><strong>Transfer Interna\u021bional (pentru reziden\u021bii din Spa\u021biul Economic European)<\/strong><\/h3>\n\n<p>Deoarece oper\u0103m la nivel global, poate fi necesar s\u0103 transfer\u0103m date, inclusiv Informa\u021bii Personale, c\u0103tre \u021b\u0103ri din afara Spa\u021biului Economic European (SEE). \u00cen aceste cazuri, vom transfera Informa\u021biile Tale Personale doar c\u0103tre \u021b\u0103ri aprobate de Comisia European\u0103 ca oferind un nivel adecvat de protec\u021bie a datelor sau vom \u00eencheia acorduri legale care s\u0103 asigure un nivel adecvat de protec\u021bie a datelor. <\/p>\n\n<h3 class=\"wp-block-heading\"><strong>Cum protej\u0103m Informa\u021biile Tale Personale?<\/strong><\/h3>\n\n<p>Acord\u0103m o mare aten\u021bie implement\u0103rii \u0219i men\u021binerii securit\u0103\u021bii Serviciilor \u0219i Informa\u021biilor Tale Personale. Utiliz\u0103m proceduri standard de industrie pentru a asigura confiden\u021bialitatea, integritatea \u0219i disponibilitatea datelor utilizatorilor no\u0219tri, siguran\u021ba Informa\u021biilor Tale Personale \u0219i prevenirea utiliz\u0103rii neautorizate a acestor informa\u021bii. <\/p>\n\n<p>Cu toate acestea, nu putem garanta c\u0103 hackerii sau persoanele neautorizate nu vor putea accesa Informa\u021biile Tale Personale, \u00een ciuda eforturilor noastre. Trebuie s\u0103 \u0219tii c\u0103, folosind Serviciile noastre, Informa\u021biile Tale Personale vor fi transferate prin infrastructuri ter\u021be care nu sunt sub controlul nostru. Nicio metod\u0103 de transmitere pe Internet sau de stocare electronic\u0103 nu este 100% sigur\u0103. Prin urmare, de\u0219i ne str\u0103duim s\u0103 folosim metode acceptabile din punct de vedere comercial pentru a proteja Informa\u021biile Tale Personale, nu putem garanta securitatea absolut\u0103 a acestora.   <\/p>\n\n<p>Dac\u0103 sim\u021bi c\u0103 confiden\u021bialitatea ta nu a fost tratat\u0103 \u00een conformitate cu aceast\u0103 politic\u0103 de confiden\u021bialitate, te rug\u0103m s\u0103 ne contactezi direct folosind detaliile de contact disponibile mai jos.<\/p>\n\n<h3 class=\"wp-block-heading\"><strong>Minori<\/strong><\/h3>\n\n<p>Serviciile noastre nu sunt destinate persoanelor sub 16 ani. Dac\u0103 ai sub 16 ani, nu ar trebui s\u0103 utilizezi Serviciile \u0219i nici s\u0103 ne furnizezi vreo Informa\u021bie Personal\u0103. <\/p>\n\n<p>Ne rezerv\u0103m dreptul de a accesa \u0219i verifica orice Informa\u021bie Personal\u0103 colectat\u0103 de la tine. \u00cen cazul \u00een care vom afla c\u0103 o persoan\u0103 sub 16 ani a furnizat vreo Informa\u021bie Personal\u0103, vom distruge aceste informa\u021bii. Dac\u0103 ai vreo motivare c\u0103 un minor a \u00eemp\u0103rt\u0103\u0219it vreo Informa\u021bie Personal\u0103 cu noi, te rug\u0103m s\u0103 ne contactezi folosind detaliile de contact disponibile mai jos.  <\/p>\n\n<h3 class=\"wp-block-heading\"><strong>Modific\u0103ri ale politicii<\/strong><\/h3>\n\n<p>Ne rezerv\u0103m dreptul de a modifica aceast\u0103 politic\u0103 de confiden\u021bialitate \u00een orice moment, a\u0219a c\u0103 te rug\u0103m s\u0103 revii frecvent pe aceast\u0103 pagin\u0103. Vom anun\u021ba modific\u0103rile substan\u021biale ale acestei politici de confiden\u021bialitate prin intermediul site-urilor noastre sau \u00ee\u021bi vom trimite un e-mail privind aceste modific\u0103ri la adresa de e-mail pe care ai furnizat-o (dac\u0103 ai furnizat-o). Aceste modific\u0103ri substan\u021biale vor intra \u00een vigoare la \u0219apte (7) zile dup\u0103 ce notificarea a fost furnizat\u0103 prin oricare dintre metodele men\u021bionate mai sus. \u00cen alt\u0103 ordine de idei, toate celelalte modific\u0103ri ale acestei politici vor fi efective de la data indicat\u0103 ca \u201eUltima Revizie\u201d, iar utilizarea continuat\u0103 a Serviciilor dup\u0103 data Ultimei Revizii va constitui acceptarea \u0219i acordul de a fi legat de aceste modific\u0103ri.   <\/p>\n\n<h3 class=\"wp-block-heading\"><strong>Cum s\u0103 ne contactezi<\/strong><\/h3>\n\n<p>Pentru \u00eentreb\u0103ri referitoare la aceast\u0103 politic\u0103 de confiden\u021bialitate, v\u0103 rug\u0103m s\u0103 contacta\u021bi echipa noastr\u0103 la info@auto3p.com.<\/p>\n\n<p>\u200d<\/p>\n\n<h5 class=\"wp-block-heading\"><strong>Revizuit la: 11 ianuarie<\/strong><strong><sup>th,<\/sup><\/strong><strong> 2022<\/strong><\/h5>\n","protected":false},"excerpt":{"rendered":"<p>Introducere V\u0103 mul\u021bumim c\u0103 a\u021bi vizitat https:\/\/auto3p.com\/ro\/ (denumit \u00een continuare \u201esite-ul web\u201d). Acest site este operat de Auto3P Europe AG (denumit\u0103 \u00een continuare \u201eAuto3P\u201d, \u201enoi\u201d, \u201ene\u201d, \u201enostru\u201d sau \u201esocietatea\u201d). Politica noastr\u0103 de confiden\u021bialitate descrie modul \u00een care colect\u0103m, utiliz\u0103m \u0219i gestion\u0103m informa\u021biile dumneavoastr\u0103 personale (\u201edvs.\u201d, \u201eUtilizator\u201d) atunci c\u00e2nd folosi\u021bi site-ul web sau serviciile, func\u021bionalit\u0103\u021bile sau [&hellip;]<\/p>\n","protected":false},"author":1,"featured_media":0,"parent":0,"menu_order":0,"comment_status":"closed","ping_status":"closed","template":"","meta":{"_acf_changed":false,"footnotes":""},"class_list":["post-2115","page","type-page","status-publish","hentry"],"acf":[],"_links":{"self":[{"href":"https:\/\/auto3p.com\/ro\/wp-json\/wp\/v2\/pages\/2115","targetHints":{"allow":["GET"]}}],"collection":[{"href":"https:\/\/auto3p.com\/ro\/wp-json\/wp\/v2\/pages"}],"about":[{"href":"https:\/\/auto3p.com\/ro\/wp-json\/wp\/v2\/types\/page"}],"author":[{"embeddable":true,"href":"https:\/\/auto3p.com\/ro\/wp-json\/wp\/v2\/users\/1"}],"replies":[{"embeddable":true,"href":"https:\/\/auto3p.com\/ro\/wp-json\/wp\/v2\/comments?post=2115"}],"version-history":[{"count":1,"href":"https:\/\/auto3p.com\/ro\/wp-json\/wp\/v2\/pages\/2115\/revisions"}],"predecessor-version":[{"id":2116,"href":"https:\/\/auto3p.com\/ro\/wp-json\/wp\/v2\/pages\/2115\/revisions\/2116"}],"wp:attachment":[{"href":"https:\/\/auto3p.com\/ro\/wp-json\/wp\/v2\/media?parent=2115"}],"curies":[{"name":"wp","href":"https:\/\/api.w.org\/{rel}","templated":true}]}}