{"id":2270,"date":"2023-01-03T19:18:27","date_gmt":"2023-01-03T19:18:27","guid":{"rendered":"https:\/\/auto3p.com\/sartlar-ve-kosullar\/"},"modified":"2024-09-04T20:27:13","modified_gmt":"2024-09-04T20:27:13","slug":"sartlar-ve-kosullar","status":"publish","type":"page","link":"https:\/\/auto3p.com\/tr\/sartlar-ve-kosullar\/","title":{"rendered":"\u015eartlar ve Ko\u015fullar"},"content":{"rendered":"\n<h3 class=\"wp-block-heading\"><strong>Giri\u015f<\/strong><\/h3>\n\n<p>D\u0130KKAT: BU WEB S\u0130TES\u0130N\u0130 KULLANMADAN \u00d6NCE L\u00dcTFEN BU \u015eARTLARI D\u0130KKATL\u0130CE OKUYUN. BU WEB S\u0130TES\u0130N\u0130 KULLANMAK BU \u015eARTLARI KABUL ETT\u0130\u011e\u0130N\u0130Z\u0130 G\u00d6STER\u0130R. E\u011eER BU \u015eARTLARI KABUL ETM\u0130YORSANIZ, L\u00dcTFEN BU WEB S\u0130TES\u0130N\u0130 KULLANMAYIN.  <\/p>\n\n<p>Auto3P&#8217;nin yarat\u0131c\u0131s\u0131 Auto3P Europe AG (bundan b\u00f6yle &#8220;Auto3P&#8221; olarak an\u0131lacakt\u0131r), bu web sitesindeki (bundan b\u00f6yle &#8220;Site&#8221; olarak an\u0131lacakt\u0131r) materyalleri a\u015fa\u011f\u0131daki h\u00fck\u00fcm ve ko\u015fullara tabi olarak g\u00f6r\u00fcnt\u00fclemenize, kopyalaman\u0131za ve yazd\u0131rman\u0131za izin verir:<\/p>\n\n<h3 class=\"wp-block-heading\"><strong>Site Kullan\u0131m\u0131<\/strong><\/h3>\n\n<p>Burada a\u00e7\u0131k\u00e7a belirtilmedik\u00e7e, a\u015fa\u011f\u0131daki ko\u015fullara tabi olarak bu Sitenin i\u00e7eri\u011fini g\u00f6r\u00fcnt\u00fcleme, kopyalama ve yazd\u0131rma yetkisine sahipsiniz: (i) yaln\u0131zca ki\u015fisel, bilgilendirici, ticari olmayan ama\u00e7lar i\u00e7in kullan\u0131l\u0131r, bu sitedeki materyalleri herhangi bir \u015fekilde de\u011fi\u015ftiremez veya \u00e7o\u011faltamaz veya kamuya a\u00e7\u0131k olarak g\u00f6r\u00fcnt\u00fcleyemez, ger\u00e7ekle\u015ftiremez veya da\u011f\u0131tamaz veya ba\u015fka bir \u015fekilde herhangi bir kamusal veya ticari ama\u00e7 i\u00e7in kullanamazs\u0131n\u0131z. Bu materyallerin herhangi bir ama\u00e7la ba\u015fka bir web sitesinde veya a\u011f bilgisayar ortam\u0131nda kullan\u0131lmas\u0131 yasakt\u0131r (ii) herhangi bir kopya veya k\u0131s\u0131m Auto3P telif hakk\u0131 ve di\u011fer m\u00fclkiyet bildirimlerini i\u00e7ermelidir, (iii) hi\u00e7bir de\u011fi\u015fiklik veya \u00e7o\u011faltma yap\u0131lmaz; ve (iv) Auto3P bu yetkiyi herhangi bir zamanda iptal etme hakk\u0131n\u0131 sakl\u0131 tutar. Bu Sitedeki materyallerin telif hakk\u0131 sakl\u0131d\u0131r ve bu Sitedeki herhangi bir materyalin izinsiz kullan\u0131m\u0131 telif hakk\u0131, ticari marka ve di\u011fer yasalar\u0131 ihlal edebilir. Bu \u015eartlardan herhangi birini ihlal ederseniz, bu Siteyi kullanma yetkiniz otomatik olarak sona erer ve kopyalanan veya bas\u0131lan t\u00fcm materyalleri derhal imha etmeniz gerekir.       <\/p>\n\n<h3 class=\"wp-block-heading\"><strong>Sorumluluk Reddi<\/strong><\/h3>\n\n<p>Bu Sitede yay\u0131nlanan t\u00fcm bilgiler (bundan b\u00f6yle &#8220;Bilgiler&#8221; olarak an\u0131lacakt\u0131r) \u00f6nceden haber verilmeksizin de\u011fi\u015ftirilebilir. Auto3P, bu Sitede bulunan materyallerde, \u00fcr\u00fcnlerde ve hizmetlerde (bundan b\u00f6yle &#8220;\u00dcr\u00fcnler&#8221; olarak an\u0131lacakt\u0131r) veya burada a\u00e7\u0131klanan fiyatlarda herhangi bir zamanda bildirimde bulunmaks\u0131z\u0131n de\u011fi\u015fiklik yapabilir. Sitemiz, \u00fclkenizde duyurulmam\u0131\u015f \u00dcr\u00fcnlere referanslar i\u00e7erebilir ve Auto3P, tamamen kendi takdirine ba\u011fl\u0131 olarak bu \u00dcr\u00fcnleri duyurma veya kullan\u0131ma sunma hakk\u0131n\u0131 sakl\u0131 tutar. Sizin i\u00e7in mevcut olabilecek \u00dcr\u00fcnlerle ilgili bilgi i\u00e7in l\u00fctfen Auto3P&#8217;ye dan\u0131\u015f\u0131n. Bu Sitedeki Bilgilerin baz\u0131lar\u0131, gelecekteki olaylara ili\u015fkin tahminler veya di\u011fer ileriye d\u00f6n\u00fck beyanlar i\u00e7erebilir. Bu ifadelerin yaln\u0131zca tahminler oldu\u011fu ve ger\u00e7ek olaylar\u0131n veya sonu\u00e7lar\u0131n \u00f6nemli \u00f6l\u00e7\u00fcde farkl\u0131l\u0131k g\u00f6sterebilece\u011fi konusunda sizi uyarmak isteriz.     <\/p>\n\n<p>Bu Site arac\u0131l\u0131\u011f\u0131yla sunulan bilgiler, hizmetler ve di\u011fer materyaller, herhangi bir garanti olmaks\u0131z\u0131n &#8220;Oldu\u011fu Gibi&#8221; ve &#8220;Mevcut Oldu\u011fu Gibi&#8221; sa\u011flanmaktad\u0131r. Auto3P bu Sitede do\u011fru Bilgiler sa\u011flamaya \u00e7al\u0131\u015fm\u0131\u015f olsa da, Auto3P bu Sitedeki Bilgilerin, \u00dcr\u00fcnlerin veya di\u011fer materyallerin do\u011frulu\u011fu ve eksiksizli\u011fi konusunda hi\u00e7bir sorumluluk kabul etmez. Sat\u0131labilirlik, belirli bir amaca uygunluk veya fikri m\u00fclkiyetin ihlal edilmemesi garantileri de dahil olmak \u00fczere, a\u00e7\u0131k veya z\u0131mni di\u011fer t\u00fcm garantiler \u00f6zellikle hari\u00e7 tutulmu\u015f ve reddedilmi\u015ftir. Auto3P, \u00dcr\u00fcnlerin kullan\u0131c\u0131n\u0131n gereksinimlerini kar\u015f\u0131layaca\u011f\u0131n\u0131 ve hizmetlerin \u00e7al\u0131\u015fmas\u0131n\u0131n kesintisiz veya hatas\u0131z olaca\u011f\u0131n\u0131 veya Sitenin veya onu kullan\u0131ma sunan sunucunun vir\u00fcs veya hata i\u00e7ermedi\u011fini garanti etmez.   <\/p>\n\n<p>Mobius&#8217;un \u00fcr\u00fcn ve hizmetlerine ili\u015fkin y\u00fck\u00fcml\u00fcl\u00fckleri, yaln\u0131zca bunlar\u0131n sa\u011fland\u0131\u011f\u0131 anla\u015fmalara tabidir ve bu Sitedeki hi\u00e7bir \u015fey bu anla\u015fmalar\u0131 de\u011fi\u015ftirecek \u015fekilde yorumlanmamal\u0131d\u0131r. Bu Sitedeki materyaller ve hizmetler g\u00fcncel olmayabilir ve Auto3P bu Sitedeki materyalleri ve hizmetleri g\u00fcncelleme taahh\u00fcd\u00fcnde bulunmamaktad\u0131r. <\/p>\n\n<h3 class=\"wp-block-heading\"><strong>Sorumlulu\u011fun S\u0131n\u0131rland\u0131r\u0131lmas\u0131<\/strong><\/h3>\n\n<p>Hi\u00e7bir durumda Mobius, tedarik\u00e7ileri veya bu Sitede ad\u0131 ge\u00e7en di\u011fer \u00fc\u00e7\u00fcnc\u00fc taraflar, kullan\u0131mdan kaynaklanan veya kullan\u0131mla ilgili olarak ortaya \u00e7\u0131kan herhangi bir zarardan (kar kayb\u0131, tasarruf kayb\u0131, veri kayb\u0131, i\u015f kesintisi veya di\u011fer \u00f6zel, dolayl\u0131 veya ar\u0131zi zararlardan kaynaklananlar dahil ancak bunlarla s\u0131n\u0131rl\u0131 olmamak \u00fczere) sorumlu olmayacakt\u0131r, Bu Sitenin, bu siteyle ba\u011flant\u0131l\u0131 herhangi bir web sitesinin veya bu t\u00fcr sitelerin herhangi birinde veya t\u00fcm\u00fcnde bulunan herhangi bir materyal, bilgi, \u00fcr\u00fcn veya hizmetin kullan\u0131lamamas\u0131 veya kullan\u0131m sonu\u00e7lar\u0131, garanti, s\u00f6zle\u015fme, haks\u0131z fiil veya ba\u015fka bir yasal teoriye dayan\u0131p dayanmad\u0131\u011f\u0131na ve Auto3P&#8217;nin bu t\u00fcr kay\u0131p veya hasar olas\u0131l\u0131\u011f\u0131 konusunda bilgilendirilip bilgilendirilmedi\u011fine bak\u0131lmaks\u0131z\u0131n. Bu Sitedeki materyalleri, Bilgileri veya hizmetleri kullanman\u0131z, ekipman veya verilerin servis, onar\u0131m veya d\u00fczeltilmesi ihtiyac\u0131yla sonu\u00e7lan\u0131rsa, bunlar\u0131n t\u00fcm masraflar\u0131n\u0131 \u00fcstlenirsiniz. <\/p>\n\n<h3 class=\"wp-block-heading\"><strong>Gizlilik Politikas\u0131<\/strong><\/h3>\n\n<p>Auto3P gizlili\u011finizi korumay\u0131 taahh\u00fct eder. Gizlilik Politikas\u0131 sayfam\u0131zda daha fazlas\u0131n\u0131 okuyun. <\/p>\n\n<h3 class=\"wp-block-heading\"><strong>Fikri M\u00fclkiyet<\/strong><\/h3>\n\n<p>Patentler, telif haklar\u0131, logolar, ticari markalar ve ticari s\u0131rlar dahil olmak \u00fczere Sitede at\u0131fta bulunulan t\u00fcm Fikri M\u00fclkiyet yasal olarak Auto3P&#8217;ye veya \u00fc\u00e7\u00fcnc\u00fc taraflara aittir. Bu haklar, Bilgiler, web sitesinin bilgisayar kodu, grafik tasar\u0131m, \u00fcr\u00fcnler, \u015firket adlar\u0131 vb. i\u00e7in ge\u00e7erlidir. Bu Sitenin t\u00fcm i\u00e7eri\u011fi, burada \u00f6zel olarak izin verilen durumlar d\u0131\u015f\u0131nda, telif hakk\u0131 ve ticari marka haklar\u0131 ile korunmaktad\u0131r.  <\/p>\n\n<h3 class=\"wp-block-heading\"><strong>\u00dc\u00e7\u00fcnc\u00fc Taraf Web Sitelerine Ba\u011flant\u0131lar<\/strong><\/h3>\n\n<p>Bu Sitede \u00fc\u00e7\u00fcnc\u00fc taraf web sitelerine verilen ba\u011flant\u0131lar yaln\u0131zca size kolayl\u0131k sa\u011flamak amac\u0131yla verilmektedir. Bu ba\u011flant\u0131lar\u0131 kullan\u0131rsan\u0131z, bu Siteden ayr\u0131lm\u0131\u015f olursunuz. Auto3P bu \u00fc\u00e7\u00fcnc\u00fc taraf sitelerinin t\u00fcm\u00fcn\u00fc incelememi\u015ftir ve bu sitelerin hi\u00e7birini veya i\u00e7eri\u011fini kontrol etmez ve bunlardan sorumlu de\u011fildir. Bu nedenle, Auto3P bu siteler veya buralarda bulunan herhangi bir bilgi, yaz\u0131l\u0131m veya di\u011fer \u00fcr\u00fcnler veya materyaller veya bunlar\u0131n kullan\u0131m\u0131ndan elde edilebilecek sonu\u00e7lar hakk\u0131nda herhangi bir onay vermez veya beyanda bulunmaz. Bu Siteye ba\u011fl\u0131 \u00fc\u00e7\u00fcnc\u00fc taraf web sitelerinden herhangi birine eri\u015fmeye karar verirseniz, bunu tamamen kendi sorumlulu\u011funuzda yapars\u0131n\u0131z.    <\/p>\n\n<h3 class=\"wp-block-heading\"><strong>Bu Siteye Ba\u011flant\u0131 Verme<\/strong><\/h3>\n\n<p>Bu Siteye di\u011fer sitelerden ba\u011flant\u0131lar olu\u015fturabilirsiniz, ancak yaln\u0131zca buradaki \u015fartlara uygun olarak ve y\u00fcr\u00fcrl\u00fckteki t\u00fcm yasalara uygun olarak:<\/p>\n\n<ul class=\"wp-block-list\">\n<li>Di\u011fer site tats\u0131z, sald\u0131rgan veya tart\u0131\u015fmal\u0131 olarak yorumlanabilecek i\u00e7erik i\u00e7ermez ve yaln\u0131zca t\u00fcm ya\u015f gruplar\u0131 i\u00e7in uygun i\u00e7erik i\u00e7erir<\/li>\n\n\n\n<li>Auto3P i\u00e7eri\u011fine ba\u011flant\u0131 verebilir ancak \u00e7o\u011faltamaz<\/li>\n\n\n\n<li>Auto3P i\u00e7eri\u011fi etraf\u0131nda bir taray\u0131c\u0131 veya s\u0131n\u0131r ortam\u0131 olu\u015fturmamal\u0131d\u0131r<\/li>\n\n\n\n<li>Auto3P&#8217;nin kendisini veya \u00fcr\u00fcnlerini onaylad\u0131\u011f\u0131 anlam\u0131na gelmemelidir<\/li>\n\n\n\n<li>Mobius ile olan ili\u015fkisini yanl\u0131\u015f beyan etmemelidir<\/li>\n\n\n\n<li>Auto3P \u00fcr\u00fcnleri veya hizmetleri hakk\u0131nda yanl\u0131\u015f bilgi sunmamal\u0131d\u0131r<\/li>\n\n\n\n<li>Auto3P logosunu veya i\u015faretlerini Mobius&#8217;un izni olmadan kullanmamal\u0131d\u0131r<\/li>\n<\/ul>\n\n<h3 class=\"wp-block-heading\"><strong>Genel<\/strong><\/h3>\n\n<p>Auto3P, bu ilan\u0131 g\u00fcncelleyerek bu \u015eartlar\u0131 herhangi bir zamanda revize edebilir. G\u00fcncel \u015eartlar\u0131 g\u00f6zden ge\u00e7irmek i\u00e7in zaman zaman bu sayfay\u0131 ziyaret etmelisiniz, \u00e7\u00fcnk\u00fc bunlar sizin i\u00e7in ba\u011flay\u0131c\u0131d\u0131r. Bu \u015eartlar\u0131n belirli h\u00fck\u00fcmleri, bu Sitedeki belirli sayfalarda yer alan a\u00e7\u0131k\u00e7a belirtilmi\u015f yasal bildirimler veya \u015fartlarla de\u011fi\u015ftirilebilir.  <\/p>\n\n<p>Bu Siteye \u0130srail Devleti d\u0131\u015f\u0131ndaki yerlerden eri\u015fenler, y\u00fcr\u00fcrl\u00fckteki yerel yasalara uymaktan sorumludur. Bu Site veya bu Sitenin kullan\u0131m\u0131 ile ilgili herhangi bir iddia, kanunlar ihtilaf\u0131 ilkelerine at\u0131fta bulunulmaks\u0131z\u0131n \u0130srail Devleti kanunlar\u0131na tabi olacak ve bu kanunlara g\u00f6re yorumlanacakt\u0131r. Bu Siteyi kullan\u0131m\u0131n\u0131zdan kaynaklanan veya bununla ilgili herhangi bir ihtilaf, Tel Aviv, \u0130srail&#8217;de bulunan devlet mahkemelerine g\u00f6t\u00fcr\u00fclecektir ve i\u015fbu vesile ile m\u00fcnhas\u0131r yarg\u0131 yetkisini ve yerini kabul etmi\u015f olursunuz. Ki\u015fisel yarg\u0131 yetkisi eksikli\u011fi ve forum uygunsuzlu\u011fu ile ilgili t\u00fcm savunmalardan feragat etmeyi ve s\u00fcrecin ge\u00e7erli yasa veya mahkeme kural\u0131 taraf\u0131ndan yetkilendirilen bir \u015fekilde tebli\u011f edilebilece\u011fini kabul edersiniz.   <\/p>\n\n<p>Bu Yasal Bildirimin herhangi bir \u015fart\u0131n\u0131n veya h\u00fckm\u00fcn\u00fcn herhangi bir nedenle ge\u00e7ersiz oldu\u011funa karar verilirse, bu ge\u00e7ersizlik di\u011fer herhangi bir \u015fart\u0131 veya h\u00fckm\u00fc etkilemeyecek ve bu Yasal Bildirim, s\u00f6z konusu \u015fart veya h\u00fck\u00fcm bu Yasal Bildirimde hi\u00e7 yer almam\u0131\u015f gibi yorumlanacakt\u0131r.<\/p>\n","protected":false},"excerpt":{"rendered":"<p>Giri\u015f D\u0130KKAT: BU WEB S\u0130TES\u0130N\u0130 KULLANMADAN \u00d6NCE L\u00dcTFEN BU \u015eARTLARI D\u0130KKATL\u0130CE OKUYUN. BU WEB S\u0130TES\u0130N\u0130 KULLANMAK BU \u015eARTLARI KABUL ETT\u0130\u011e\u0130N\u0130Z\u0130 G\u00d6STER\u0130R. E\u011eER BU \u015eARTLARI KABUL ETM\u0130YORSANIZ, L\u00dcTFEN BU WEB S\u0130TES\u0130N\u0130 KULLANMAYIN. Auto3P&#8217;nin yarat\u0131c\u0131s\u0131 Auto3P Europe AG (bundan b\u00f6yle &#8220;Auto3P&#8221; olarak an\u0131lacakt\u0131r), bu web sitesindeki (bundan b\u00f6yle &#8220;Site&#8221; olarak an\u0131lacakt\u0131r) materyalleri a\u015fa\u011f\u0131daki h\u00fck\u00fcm ve ko\u015fullara tabi [&hellip;]<\/p>\n","protected":false},"author":1,"featured_media":0,"parent":0,"menu_order":0,"comment_status":"closed","ping_status":"closed","template":"","meta":{"_acf_changed":false,"footnotes":""},"class_list":["post-2270","page","type-page","status-publish","hentry"],"acf":[],"_links":{"self":[{"href":"https:\/\/auto3p.com\/tr\/wp-json\/wp\/v2\/pages\/2270","targetHints":{"allow":["GET"]}}],"collection":[{"href":"https:\/\/auto3p.com\/tr\/wp-json\/wp\/v2\/pages"}],"about":[{"href":"https:\/\/auto3p.com\/tr\/wp-json\/wp\/v2\/types\/page"}],"author":[{"embeddable":true,"href":"https:\/\/auto3p.com\/tr\/wp-json\/wp\/v2\/users\/1"}],"replies":[{"embeddable":true,"href":"https:\/\/auto3p.com\/tr\/wp-json\/wp\/v2\/comments?post=2270"}],"version-history":[{"count":1,"href":"https:\/\/auto3p.com\/tr\/wp-json\/wp\/v2\/pages\/2270\/revisions"}],"predecessor-version":[{"id":2271,"href":"https:\/\/auto3p.com\/tr\/wp-json\/wp\/v2\/pages\/2270\/revisions\/2271"}],"wp:attachment":[{"href":"https:\/\/auto3p.com\/tr\/wp-json\/wp\/v2\/media?parent=2270"}],"curies":[{"name":"wp","href":"https:\/\/api.w.org\/{rel}","templated":true}]}}