{"id":2287,"date":"2022-12-20T13:52:20","date_gmt":"2022-12-20T13:52:20","guid":{"rendered":"https:\/\/auto3p.com\/iletisim\/"},"modified":"2024-09-05T06:25:26","modified_gmt":"2024-09-05T06:25:26","slug":"iletisim","status":"publish","type":"page","link":"https:\/\/auto3p.com\/tr\/iletisim\/","title":{"rendered":"\u0130leti\u015fim"},"content":{"rendered":"\n<div class=\"wp-block-group contact-form-group-section is-layout-constrained wp-container-core-group-is-layout-5fb0786f wp-block-group-is-layout-constrained\">\n<div class=\"wp-block-group contact-form-group has-background is-layout-constrained wp-block-group-is-layout-constrained\" style=\"background-color:#eff5ff\">\n<h2 class=\"title has-x-large-font-size wp-block-heading\" style=\"font-style:normal;font-weight:600\">Bize yaz\u0131n<\/h2>\n\n\n\n<p class=\"sub-title\">Bize bir mesaj b\u0131rak\u0131n, ekibimizin bir \u00fcyesinden k\u0131sa s\u00fcre i\u00e7inde geri d\u00f6n\u00fc\u015f alacaks\u0131n\u0131z<\/p>\n\n\n\n<div class=\"wp-block-contact-form-7-contact-form-selector\">\n<div class=\"wpcf7 no-js\" id=\"wpcf7-f2286-o1\" lang=\"tr-TR\" dir=\"ltr\">\n<div class=\"screen-reader-response\"><p role=\"status\" aria-live=\"polite\" aria-atomic=\"true\"><\/p> <ul><\/ul><\/div>\n<form action=\"\/tr\/wp-json\/wp\/v2\/pages\/2287#wpcf7-f2286-o1\" method=\"post\" class=\"wpcf7-form init\" aria-label=\"\u0130leti\u015fim Formu\" novalidate=\"novalidate\" data-status=\"init\">\n<div style=\"display: none;\">\n<input type=\"hidden\" name=\"_wpcf7\" value=\"2286\" \/>\n<input type=\"hidden\" name=\"_wpcf7_version\" value=\"5.9.8\" \/>\n<input type=\"hidden\" name=\"_wpcf7_locale\" value=\"tr_TR\" \/>\n<input type=\"hidden\" name=\"_wpcf7_unit_tag\" value=\"wpcf7-f2286-o1\" \/>\n<input type=\"hidden\" name=\"_wpcf7_container_post\" value=\"0\" \/>\n<input type=\"hidden\" name=\"_wpcf7_posted_data_hash\" value=\"\" \/>\n<input type=\"hidden\" name=\"_wpcf7_recaptcha_response\" value=\"\" \/>\n<\/div>\n<div class=\"is-layout-flex wp-container-15 wp-block-columns\">\n\t<div class=\"is-layout-flow wp-block-column n_column__full-width\">\n\t\t<p><label>Tam ad\u0131 <span class=\"is-required\">*<\/span><br \/>\n<span class=\"wpcf7-form-control-wrap\" data-name=\"full-name\"><input size=\"40\" maxlength=\"400\" class=\"wpcf7-form-control wpcf7-text wpcf7-validates-as-required\" tabindex=\"1\" autocomplete=\"name\" aria-required=\"true\" aria-invalid=\"false\" value=\"\" type=\"text\" name=\"full-name\" \/><\/span> <\/label>\n\t\t<\/p>\n\t<\/div>\n\t<div class=\"is-layout-flow wp-block-column\">\n\t\t<p><label>Email <span class=\"is-required\">*<\/span><br \/>\n<span class=\"wpcf7-form-control-wrap\" data-name=\"email\"><input size=\"40\" maxlength=\"400\" class=\"wpcf7-form-control wpcf7-email wpcf7-validates-as-required wpcf7-text wpcf7-validates-as-email\" tabindex=\"2\" autocomplete=\"email\" aria-required=\"true\" aria-invalid=\"false\" value=\"\" type=\"email\" name=\"email\" \/><\/span> <\/label>\n\t\t<\/p>\n\t<\/div>\n\t<div class=\"is-layout-flow wp-block-column\">\n\t\t<p><label>Telefon <span class=\"wpcf7-form-control-wrap\" data-name=\"phone\"><input size=\"40\" maxlength=\"400\" class=\"wpcf7-form-control wpcf7-tel wpcf7-text wpcf7-validates-as-tel\" tabindex=\"3\" aria-invalid=\"false\" value=\"\" type=\"tel\" name=\"phone\" \/><\/span> <\/label>\n\t\t<\/p>\n\t<\/div>\n\t<div class=\"is-layout-flow wp-block-column\">\n\t\t<p><label>\u00dclke <span class=\"wpcf7-form-control-wrap\" data-name=\"country\"><input size=\"40\" maxlength=\"400\" class=\"wpcf7-form-control wpcf7-text\" tabindex=\"4\" autocomplete=\"country\" aria-invalid=\"false\" value=\"\" type=\"text\" name=\"country\" \/><\/span> <\/label>\n\t\t<\/p>\n\t<\/div>\n\t<div class=\"is-layout-flow wp-block-column\">\n\t\t<p><label>Servis <span class=\"wpcf7-form-control-wrap\" data-name=\"service\"><select class=\"wpcf7-form-control wpcf7-select\" tabindex=\"5\" aria-invalid=\"false\" name=\"service\"><option value=\"\">Se\u00e7in<\/option><option value=\"Otomobil \u00fcreticileri ve sat\u0131c\u0131lar\u0131\">Otomobil \u00fcreticileri ve sat\u0131c\u0131lar\u0131<\/option><option value=\"Oto sigorta talep y\u00f6netimi\">Oto sigorta talep y\u00f6netimi<\/option><option value=\"Onar\u0131m tesisleri\">Onar\u0131m tesisleri<\/option><option value=\"Par\u00e7a tedariki\">Par\u00e7a tedariki<\/option><option value=\"Filo y\u00f6netimi\">Filo y\u00f6netimi<\/option><\/select><\/span><br \/>\n<\/label>\n\t\t<\/p>\n\t<\/div>\n\t<div class=\"is-layout-flow wp-block-column n_column__full-width\">\n\t\t<p><label>Mesaj <span class=\"wpcf7-form-control-wrap\" data-name=\"your-message\"><textarea cols=\"40\" rows=\"10\" maxlength=\"2000\" class=\"wpcf7-form-control wpcf7-textarea\" tabindex=\"5\" aria-invalid=\"false\" name=\"your-message\"><\/textarea><\/span> <\/label>\n\t\t<\/p>\n\t<\/div>\n<\/div>\n<div class=\"wp-block-button n_contact-form-button\">\n\t<p><input class=\"wpcf7-form-control wpcf7-submit has-spinner wp-block-button__link wp-element-button\" type=\"submit\" value=\"G\u00f6nder\" \/>\n\t<\/p>\n<\/div><div class=\"wpcf7-response-output\" aria-hidden=\"true\"><\/div>\n<\/form>\n<\/div>\n<\/div>\n<\/div>\n<\/div>\n","protected":false},"excerpt":{"rendered":"<p>Bize yaz\u0131n Bize bir mesaj b\u0131rak\u0131n, ekibimizin bir \u00fcyesinden k\u0131sa s\u00fcre i\u00e7inde geri d\u00f6n\u00fc\u015f alacaks\u0131n\u0131z<\/p>\n","protected":false},"author":1,"featured_media":0,"parent":0,"menu_order":0,"comment_status":"closed","ping_status":"closed","template":"contact","meta":{"_acf_changed":false,"footnotes":""},"class_list":["post-2287","page","type-page","status-publish","hentry"],"acf":[],"_links":{"self":[{"href":"https:\/\/auto3p.com\/tr\/wp-json\/wp\/v2\/pages\/2287","targetHints":{"allow":["GET"]}}],"collection":[{"href":"https:\/\/auto3p.com\/tr\/wp-json\/wp\/v2\/pages"}],"about":[{"href":"https:\/\/auto3p.com\/tr\/wp-json\/wp\/v2\/types\/page"}],"author":[{"embeddable":true,"href":"https:\/\/auto3p.com\/tr\/wp-json\/wp\/v2\/users\/1"}],"replies":[{"embeddable":true,"href":"https:\/\/auto3p.com\/tr\/wp-json\/wp\/v2\/comments?post=2287"}],"version-history":[{"count":1,"href":"https:\/\/auto3p.com\/tr\/wp-json\/wp\/v2\/pages\/2287\/revisions"}],"predecessor-version":[{"id":2288,"href":"https:\/\/auto3p.com\/tr\/wp-json\/wp\/v2\/pages\/2287\/revisions\/2288"}],"wp:attachment":[{"href":"https:\/\/auto3p.com\/tr\/wp-json\/wp\/v2\/media?parent=2287"}],"curies":[{"name":"wp","href":"https:\/\/api.w.org\/{rel}","templated":true}]}}