{"id":2312,"date":"2022-08-06T18:00:19","date_gmt":"2022-08-06T18:00:19","guid":{"rendered":"https:\/\/auto3p.com\/gizlilik-politikasi\/"},"modified":"2024-09-05T07:59:55","modified_gmt":"2024-09-05T07:59:55","slug":"gizlilik-politikasi","status":"publish","type":"page","link":"https:\/\/auto3p.com\/tr\/gizlilik-politikasi\/","title":{"rendered":"Gizlilik Politikas\u0131"},"content":{"rendered":"\n<h3 class=\"wp-block-heading\"><strong>Giri\u015f<\/strong><\/h3>\n\n<p><a href=\"https:\/\/www.cyberarmor.io\/?__hstc=113074139.dfb6b593518ab0ca5e62726361206f83.1672941818515.1672941818515.1673193621526.2&amp;__hssc=113074139.2.1673193621526&amp;__hsfp=2911786793\">https:\/\/auto3p.com\/tr\/<\/a> (\u201c<strong>web sitesi<\/strong>\u201d) adresine eri\u015fti\u011finiz i\u00e7in te\u015fekk\u00fcr ederiz. Bu web sitesi, \u0130svi\u00e7re&#8217;de kay\u0131tl\u0131 bir \u015firket olan Auto3P Europe AG (bundan b\u00f6yle \u201cAuto3P\u201d olarak an\u0131lacakt\u0131r) (\u201c<strong>biz<\/strong>\u201d, \u201c<strong>bize<\/strong>\u201d, \u201c<strong>bizim<\/strong>\u201d veya \u201c<strong>\u015eirket<\/strong>\u201d) taraf\u0131ndan i\u015fletilmektedir. Bu gizlilik politikas\u0131, sizden (\u201c<strong>siz<\/strong>\u201d, \u201c<strong>sizin<\/strong>\u201d veya \u201c<strong>Kullan\u0131c\u0131<\/strong>\u201d) toplad\u0131\u011f\u0131m\u0131z veya bize sa\u011flad\u0131\u011f\u0131n\u0131z Ki\u015fisel Bilgilerin, Web Sitesinin kullan\u0131m\u0131 veya web sitesinde zaman zaman sunulan hizmetlerin, i\u015flevlerin veya \u00f6zelliklerin (\u201c<strong>Hizmetler<\/strong>\u201d) herhangi birinin kullan\u0131m\u0131 yoluyla taraf\u0131m\u0131zdan i\u015flenece\u011fi temeli belirler. <\/p>\n\n<p>Bu gizlilik politikas\u0131n\u0131 dikkatlice okuman\u0131z\u0131 ve bilin\u00e7li kararlar vermek i\u00e7in kullanman\u0131z\u0131 \u00f6neririz.<\/p>\n\n<h3 class=\"wp-block-heading\"><strong>Ki\u015fisel Bilgilerinizin Toplanmas\u0131 ve Saklanmas\u0131<\/strong><\/h3>\n\n<p>Sizin hakk\u0131n\u0131zda a\u015fa\u011f\u0131daki t\u00fcrde bilgileri toplar ve kullan\u0131r\u0131z:<\/p>\n\n<h3 class=\"wp-block-heading\"><strong>Ki\u015fisel Olmayan Bilgiler<\/strong><\/h3>\n\n<p>Ki\u015fisel Olmayan Bilgiler, tek ba\u015f\u0131na ele al\u0131nd\u0131\u011f\u0131nda sizi tan\u0131mlamak i\u00e7in kullan\u0131lamayan, tan\u0131mlanamayan bilgilerdir. Bu nedenle, Ki\u015fisel Olmayan Bilgilerin topland\u0131\u011f\u0131 kullan\u0131c\u0131n\u0131n kimli\u011finden haberdar de\u011filiz. <\/p>\n\n<p>Web sitesi taraf\u0131ndan veya ba\u015fka yollarla toplanan bilgileri anonimle\u015ftirebilir veya kimliksizle\u015ftirebiliriz, b\u00f6ylece bilgiler kendi ba\u015flar\u0131na sizi ki\u015fisel olarak tan\u0131mlayamaz. Ayr\u0131ca web sitemiz ve Hizmetlerimizdeki kullan\u0131m\u0131n\u0131z ve faaliyetlerinizle ilgili toplu kullan\u0131c\u0131 verileri de toplar\u0131z. Bu t\u00fcr toplu veya kimliksizle\u015ftirilmi\u015f bilgileri kullanmam\u0131z ve if\u015fa etmemiz, bu gizlilik politikas\u0131 kapsam\u0131nda herhangi bir k\u0131s\u0131tlamaya tabi de\u011fildir ve bunlar\u0131 herhangi bir s\u0131n\u0131rlama olmaks\u0131z\u0131n ve herhangi bir ama\u00e7la ba\u015fkalar\u0131na if\u015fa edebiliriz.  <\/p>\n\n<p>\u015e\u00fcpheye mahal vermemek i\u00e7in, Ki\u015fisel Bilgileri Ki\u015fisel Olmayan Bilgilerle (\u00f6rne\u011fin, analiz verileri) birle\u015ftirirsek, birle\u015ftirilmi\u015f bilgiler birle\u015fik kald\u0131\u011f\u0131 s\u00fcrece Ki\u015fisel Bilgiler olarak ele al\u0131nacakt\u0131r.<\/p>\n\n<h3 class=\"wp-block-heading\"><strong>Ki\u015fisel Bilgiler<\/strong><\/h3>\n\n<p>Ki\u015fisel Bilgiler, bir bireyi tan\u0131mlayan veya makul bir \u00e7aba ile bir bireyi tan\u0131mlayabilecek bilgilerdir. A\u015fa\u011f\u0131daki Ki\u015fisel Bilgi t\u00fcrlerini toplar\u0131z: <\/p>\n\n<h3 class=\"wp-block-heading\"><strong>Ne t\u00fcr Takip Teknolojileri kullan\u0131yoruz?<\/strong><\/h3>\n\n<p>Be\u015f ana \u0130zleme Teknolojisi t\u00fcr\u00fc vard\u0131r:<\/p>\n\n<ul class=\"wp-block-list\">\n<li><strong>\u0130sim, e-posta adresi ve di\u011fer ileti\u015fim bilgileri: <\/strong>Hizmetlerimizin bir demosunu almak i\u00e7in ba\u015fvuru formlar\u0131n\u0131 doldurmak ve bizden e-posta ileti\u015fimleri almak i\u00e7in kaydolma ve kabul etme f\u0131rsatlar\u0131 da dahil olmak \u00fczere web sitemizdeki web formlar\u0131n\u0131 g\u00f6nderdi\u011finizde sizden ileti\u015fim verilerinizi (ad ve e-posta adresi gibi) isteriz ve &#8211; sizin tercihinize ba\u011fl\u0131 olarak &#8211; toplar\u0131z. Bu t\u00fcr ileti\u015fimleri y\u00fcr\u00fcrl\u00fckteki yasalara uygun olarak g\u00f6nderece\u011fiz. <\/li>\n\n\n\n<li><strong>G\u00f6n\u00fcll\u00fc bilgiler:<\/strong> Kullan\u0131c\u0131lar\u0131n bize g\u00f6n\u00fcll\u00fc olarak sa\u011flad\u0131\u011f\u0131 Ki\u015fisel Bilgileri toplar\u0131z. \u00d6rne\u011fin, bizden gelen ileti\u015fimlere yan\u0131t verdiklerinde veya web sitesini ve Hizmetleri kullan\u0131mlar\u0131 yoluyla ek bilgiler payla\u015ft\u0131klar\u0131nda. <\/li>\n\n\n\n<li><strong>Cihaz bilgileri:<\/strong> Kullan\u0131c\u0131lar\u0131m\u0131zdan, \u00e7evrimi\u00e7i tan\u0131mlay\u0131c\u0131lar, cihaza \u00f6zg\u00fc tan\u0131mlay\u0131c\u0131lar (\u00f6rn. UDID, MAC adresi), IP adresi ve co\u011frafi konum gibi kendilerini tan\u0131mlayabilecek cihazlar\u0131na, yaz\u0131l\u0131mlar\u0131na veya donan\u0131mlar\u0131na ili\u015fkin belirli t\u00fcrde ba\u011flant\u0131 ayr\u0131nt\u0131lar\u0131n\u0131 ve bilgileri toplar\u0131z.<\/li>\n<\/ul>\n\n<h3 class=\"wp-block-heading\"><strong>Ki\u015fisel Bilgileri Nas\u0131l Kullan\u0131yoruz<\/strong><\/h3>\n\n<p>Burada listelenen ama\u00e7lara ek olarak, toplad\u0131\u011f\u0131m\u0131z Ki\u015fisel Bilgiler a\u015fa\u011f\u0131daki ama\u00e7lar i\u00e7in kullan\u0131l\u0131r:<\/p>\n\n<ul class=\"wp-block-list\">\n<li>Hizmetlerimizi sa\u011flamak, i\u015fletmek, s\u00fcrd\u00fcrmek, iyile\u015ftirmek ve tan\u0131tmak.<\/li>\n\n\n\n<li>Hizmetlerimize eri\u015fmenizi ve hizmetlerimizi kullanman\u0131z\u0131 sa\u011flamak.<\/li>\n\n\n\n<li>Yorumlar\u0131n\u0131za, sorular\u0131n\u0131za ve taleplerinize yan\u0131tlar dahil olmak \u00fczere i\u015flemsel mesajlar g\u00f6ndermek; m\u00fc\u015fteri hizmetleri ve deste\u011fi sa\u011flamak ve size teknik bildirimler, g\u00fcncellemeler, g\u00fcvenlik uyar\u0131lar\u0131 ve destek ve idari mesajlar g\u00f6ndermek.<\/li>\n\n\n\n<li>\u0130leti\u015fim tercihlerinize uygun olarak, size \u00fcr\u00fcnler ve hizmetler, \u00f6zellikler, anketler, haber b\u00fcltenleri, teklifler, promosyonlar, yar\u0131\u015fmalar ve bizim ve ortaklar\u0131m\u0131z hakk\u0131ndaki etkinlikler hakk\u0131nda bilgi vermek ve bizim ve ortaklar\u0131m\u0131z hakk\u0131nda ba\u015fka haberler veya bilgiler g\u00f6ndermek gibi ticari ileti\u015fimler g\u00f6ndermek (&#8220;Pazarlama&#8221; alt\u0131nda daha fazlas\u0131na bak\u0131n).<\/li>\n\n\n\n<li>Sitemizi kulland\u0131\u011f\u0131n\u0131zda size ve ilgi alanlar\u0131n\u0131za uygun reklamlar sunmak i\u00e7in (daha fazla bilgi i\u00e7in &#8220;Reklam&#8221; b\u00f6l\u00fcm\u00fcne bak\u0131n)<\/li>\n\n\n\n<li>web siteleri ve Hizmetlerle ba\u011flant\u0131l\u0131 olarak ve pazarlama veya reklam amac\u0131yla e\u011filimleri, kullan\u0131m\u0131 ve faaliyetleri izlemek ve analiz etmek.<\/li>\n\n\n\n<li>Yasal y\u00fck\u00fcml\u00fcl\u00fcklere uyman\u0131n yan\u0131 s\u0131ra hileli i\u015flemleri, Hizmetlere yetkisiz eri\u015fimi ve di\u011fer yasa d\u0131\u015f\u0131 faaliyetleri ara\u015ft\u0131rmak ve \u00f6nlemek.<\/li>\n\n\n\n<li>Onay\u0131n\u0131z\u0131 ald\u0131\u011f\u0131m\u0131z di\u011fer ama\u00e7lar i\u00e7in i\u015fleyin.<\/li>\n<\/ul>\n\n<h3 class=\"wp-block-heading\"><strong>Toplad\u0131\u011f\u0131m\u0131z Ki\u015fisel Bilgileri kimlerle payla\u015f\u0131yoruz?<\/strong><\/h3>\n\n<p>\u0130\u015fimizi y\u00fcr\u00fctmemize yard\u0131mc\u0131 olan di\u011fer \u015firketlerle (&#8220;<strong>Hizmet Sa\u011flay\u0131c\u0131lar<\/strong>&#8220;) \u00e7al\u0131\u015f\u0131r\u0131z. Bu \u015firketler, bilgileri depolamam\u0131za (bulut depolama \u015firketleri gibi), m\u00fc\u015fteri deste\u011fi sunmam\u0131za, Hizmetlerimizin performans\u0131n\u0131 izlememize ve analiz etmemize, pazarlama deste\u011fi sa\u011flamam\u0131za ve Hizmetlerimizi ba\u015fka \u015fekilde i\u015fletmemize ve geli\u015ftirmemize yard\u0131mc\u0131 olmak i\u00e7in hizmetler sa\u011flar. Bu Hizmet Sa\u011flay\u0131c\u0131lar, Ki\u015fisel Bilgileri yaln\u0131zca talimatlar\u0131m\u0131z uyar\u0131nca ve hem bu gizlilik politikas\u0131na hem de di\u011fer ge\u00e7erli gizlilik ve g\u00fcvenlik \u00f6nlemlerine ve d\u00fczenlemelerine uygun olarak i\u015fleyebilir.  <\/p>\n\n<p>\u00d6zellikle, Hizmet Sa\u011flay\u0131c\u0131lar\u0131m\u0131z\u0131n kendileriyle payla\u015ft\u0131\u011f\u0131m\u0131z Ki\u015fisel Bilgileri kendi pazarlama ama\u00e7lar\u0131 i\u00e7in veya bize sa\u011flad\u0131klar\u0131 hizmetlerle ba\u011flant\u0131l\u0131 olarak ba\u015fka herhangi bir ama\u00e7 i\u00e7in kullanmalar\u0131na izin vermiyoruz.<\/p>\n\n<p>Yukar\u0131da a\u00e7\u0131kland\u0131\u011f\u0131 \u015fekilde Hizmet Sa\u011flay\u0131c\u0131larla payla\u015fman\u0131n yan\u0131 s\u0131ra, Ki\u015fisel Bilgilerinizi a\u015fa\u011f\u0131daki durumlarda ba\u015fkalar\u0131yla da payla\u015fabiliriz:<\/p>\n\n<ul class=\"wp-block-list\">\n<li>Di\u011fer i\u015ftirakler veya ba\u011fl\u0131 \u015firketler ile.<\/li>\n\n\n\n<li>Bir birle\u015fme, sat\u0131\u015f, kontrol de\u011fi\u015fikli\u011fi veya i\u015fimizin bir k\u0131sm\u0131n\u0131n yeniden d\u00fczenlenmesi durumunda.<\/li>\n\n\n\n<li>Mahkeme celplerine, mahkeme emirlerine veya yasal s\u00fcrece yan\u0131t vermek veya yasal haklar\u0131m\u0131z\u0131 tesis etmek veya kullanmak ya da yasal taleplere kar\u015f\u0131 savunma yapmak i\u00e7in Ki\u015fisel Bilgileri if\u015fa etmemiz gerekti\u011finde.<\/li>\n\n\n\n<li>Yasad\u0131\u015f\u0131 faaliyetleri, \u015f\u00fcpheli doland\u0131r\u0131c\u0131l\u0131\u011f\u0131, herhangi bir ki\u015finin fiziksel g\u00fcvenli\u011fine y\u00f6nelik potansiyel tehditleri i\u00e7eren durumlar\u0131, politikalar\u0131m\u0131z\u0131n ihlallerini ara\u015ft\u0131rmak, \u00f6nlemek veya bunlarla ilgili i\u015flem yapmak i\u00e7in veya yasal y\u00fck\u00fcml\u00fcl\u00fcklerimize uymak i\u00e7in ba\u015fka bir \u015fekilde gerekli oldu\u011funa iyi niyetle inand\u0131\u011f\u0131m\u0131z durumlarda; veya<\/li>\n\n\n\n<li>Zaman zaman aksi y\u00f6nde onay verebilece\u011finiz gibi.<\/li>\n<\/ul>\n\n<p>Ki\u015fisel Bilgilerinizi payla\u015fabilece\u011fimiz \u00fc\u00e7\u00fcnc\u00fc taraflar\u0131n bilgi i\u015fleme ve g\u00fcvenlik standartlar\u0131m\u0131z\u0131 kar\u015f\u0131lamalar\u0131 gerekecektir. Onlara sa\u011flad\u0131\u011f\u0131m\u0131z Ki\u015fisel Bilgiler yaln\u0131zca i\u015flevlerinin yerine getirilmesiyle ba\u011flant\u0131l\u0131 olarak sa\u011flanacakt\u0131r. <\/p>\n\n<h3 class=\"wp-block-heading\"><strong>Ki\u015fisel Bilgilerinizi neden kullan\u0131yoruz?<\/strong><\/h3>\n\n<p>Ki\u015fisel Bilgilerinizi toplamak ve kullanmak i\u00e7in yasal dayana\u011f\u0131m\u0131z\u0131n toplanan Ki\u015fisel Bilgilere ve bunlar\u0131 toplad\u0131\u011f\u0131m\u0131z \u00f6zel ba\u011flama ba\u011fl\u0131 olaca\u011f\u0131n\u0131 l\u00fctfen unutmay\u0131n. Normalde sizden Ki\u015fisel Bilgileri yaln\u0131zca a\u015fa\u011f\u0131daki durumlarda toplar\u0131z: (a) bunu yapmak i\u00e7in izniniz varsa, (b) sizinle bir s\u00f6zle\u015fme yapmak i\u00e7in Ki\u015fisel Bilgilerinize ihtiyac\u0131m\u0131z varsa (\u00f6rne\u011fin, talep etti\u011finiz hizmeti sunmak i\u00e7in), (c) i\u015flemenin me\u015fru menfaatlerimiz dahilinde oldu\u011fu durumlarda; veya (d) ge\u00e7erli yasalar uyar\u0131nca bu t\u00fcr Ki\u015fisel Bilgileri toplamam\u0131z, saklamam\u0131z veya payla\u015fmam\u0131z gerekti\u011finde.     <\/p>\n\n<p>Baz\u0131 durumlarda, sizin veya ba\u015fka bir ki\u015finin hayati \u00e7\u0131karlar\u0131n\u0131 korumak i\u00e7in Ki\u015fisel Bilgilere ihtiyac\u0131m\u0131z olabilir.<\/p>\n\n<p>Ki\u015fisel Bilgilerinizi i\u015flemek i\u00e7in izninize dayand\u0131\u011f\u0131m\u0131z durumlarda, izninizi istedi\u011finiz zaman geri \u00e7ekme veya reddetme hakk\u0131na sahipsiniz. Ki\u015fisel Bilgilerinizi i\u015flemek i\u00e7in me\u015fru menfaatlerimize dayand\u0131\u011f\u0131m\u0131z durumlarda, itiraz etme hakk\u0131na sahipsiniz. <\/p>\n\n<p>Ki\u015fisel Bilgilerinizi toplad\u0131\u011f\u0131m\u0131z ve kulland\u0131\u011f\u0131m\u0131z yasal dayanak hakk\u0131nda herhangi bir sorunuz varsa veya daha fazla bilgiye ihtiyac\u0131n\u0131z varsa, l\u00fctfen a\u015fa\u011f\u0131da bulunan ileti\u015fim bilgileri arac\u0131l\u0131\u011f\u0131yla bizimle ileti\u015fime ge\u00e7in.<\/p>\n\n<h3 class=\"wp-block-heading\"><strong>\u00c7erezler<\/strong><\/h3>\n\n<p>Web sitelerimizi ziyaret etti\u011finizde veya web sitelerimize eri\u015fti\u011finizde pikseller, \u00e7erezler, etkinlikler ve di\u011fer teknolojileri (topluca &#8220;<strong>\u0130zleme Teknolojileri<\/strong>&#8220;) kullan\u0131r\u0131z (ve 3. taraflara kullanma yetkisi veririz). Bunlar, web sitelerimizde gezinmenizi geli\u015ftirmek, web sitelerimizin performans\u0131n\u0131 iyile\u015ftirmek, analizler ger\u00e7ekle\u015ftirmek ve deneyiminizi \u00f6zelle\u015ftirmek i\u00e7in siz, cihaz\u0131n\u0131z ve \u00e7evrimi\u00e7i davran\u0131\u015f\u0131n\u0131z hakk\u0131nda otomatik olarak bilgi toplamam\u0131z\u0131 sa\u011flar. Ayr\u0131ca, elimizdeki verileri bu izleme teknolojileri arac\u0131l\u0131\u011f\u0131yla toplanan verilerle ve di\u011fer kaynaklardan elde edebilece\u011fimiz verilerle birle\u015ftirebiliriz ve sonu\u00e7 olarak bu t\u00fcr veriler Ki\u015fisel Bilgi haline gelebilir. Kulland\u0131\u011f\u0131m\u0131z \u00e7erezler hakk\u0131nda daha fazla bilgi i\u00e7in l\u00fctfen bir kopyas\u0131n\u0131 burada bulabilece\u011finiz \u00e7erez politikam\u0131z\u0131 okuyun.   <\/p>\n\n<p>Web sitelerini kullan\u0131m\u0131n\u0131z hakk\u0131nda bilgi toplamak i\u00e7in &#8220;Google Analytics&#8221; adl\u0131 bir ara\u00e7 da kullan\u0131yoruz. Google Analytics, kullan\u0131c\u0131lar\u0131n web sitelerine ne s\u0131kl\u0131kla eri\u015ftikleri, bunu yaparken hangi sayfalar\u0131 ziyaret ettikleri vb. gibi bilgileri toplar. Google Analytics&#8217;ten elde etti\u011fimiz bilgileri yaln\u0131zca web sitelerimizi ve hizmetlerimizi iyile\u015ftirmek i\u00e7in kullan\u0131r\u0131z. Google Analytics, ad\u0131n\u0131z veya di\u011fer tan\u0131mlay\u0131c\u0131 bilgiler yerine, siteleri ziyaret etti\u011finiz tarihte size atanan IP adresini toplar. Google Analytics kullan\u0131m\u0131 yoluyla toplanan bilgileri ki\u015fisel olarak tan\u0131mlanabilir bilgilerle birle\u015ftirmeyiz. Google&#8217;\u0131n, web sitelerine yapt\u0131\u011f\u0131n\u0131z ziyaretler hakk\u0131nda Google Analytics taraf\u0131ndan toplanan bilgileri kullanma ve payla\u015fma yetkisi, <a href=\"https:\/\/www.google.com\/analytics\/terms\/us.html\">Google Analytics Kullan\u0131m Ko\u015fullar\u0131<\/a> ve <a href=\"https:\/\/www.google.com\/policies\/privacy\/\">Google Gizlilik Politikas\u0131 ile s\u0131n\u0131rland\u0131r\u0131lm\u0131\u015ft\u0131r.<\/a>     <\/p>\n\n<h3 class=\"wp-block-heading\"><strong>Pazarlama<\/strong><\/h3>\n\n<p>Tam ad\u0131n\u0131z, e-posta adresiniz vb. gibi Ki\u015fisel Bilgilerinizi, size Hizmetlerimizle ilgili tan\u0131t\u0131m materyalleri sa\u011flamak amac\u0131yla kendimiz veya \u00fc\u00e7\u00fcnc\u00fc taraf ortaklar\u0131m\u0131z\u0131 kullanarak kullanabiliriz.<\/p>\n\n<p>\u0130stedi\u011finiz zaman, a\u015fa\u011f\u0131da bulunan ileti\u015fim bilgilerine &#8220;remove&#8221; kelimesini i\u00e7eren bo\u015f bir mesaj g\u00f6ndererek abonelikten \u00e7\u0131kmay\u0131 ve pazarlama teklifleri almay\u0131 durdurmay\u0131 talep edebilirsiniz.<\/p>\n\n<p>Pazarlama posta listemizden \u00e7\u0131ksan\u0131z bile size Hizmetlerle ilgili g\u00fcncellemeler ve bildirimler g\u00f6ndermeye devam edebilece\u011fimizi l\u00fctfen unutmay\u0131n.<\/p>\n\n<h3 class=\"wp-block-heading\"><strong>Reklamc\u0131l\u0131k<\/strong><\/h3>\n\n<p>Siteye eri\u015fti\u011finizde reklam sunmak i\u00e7in \u00fc\u00e7\u00fcnc\u00fc taraf bir reklam teknolojisi kullanabiliriz. Bu teknoloji, size reklam sunmak i\u00e7in Hizmetleri kullan\u0131m\u0131n\u0131zla ilgili bilgilerinizi kullan\u0131r (\u00f6rne\u011fin, web taray\u0131c\u0131n\u0131za \u00fc\u00e7\u00fcnc\u00fc taraf \u00e7erezleri yerle\u015ftirerek). <\/p>\n\n<p>Network Advertising Initiative (&#8220;<strong>NAI<\/strong>&#8220;) ve Digital Advertising Alliance (&#8220;<strong>DAA<\/strong>&#8220;) \u00fcyeleri taraf\u0131ndan i\u015fletilenler de dahil olmak \u00fczere bir\u00e7ok \u00fc\u00e7\u00fcnc\u00fc taraf reklam a\u011f\u0131ndan \u00e7\u0131kabilirsiniz. NAI ve DAA \u00fcyelerinin bu uygulamalar\u0131 hakk\u0131nda daha fazla bilgi ve NAI ve DAA \u00fcyeleri taraf\u0131ndan i\u015fletilen \u00fc\u00e7\u00fcnc\u00fc taraf reklam a\u011flar\u0131ndan nas\u0131l \u00e7\u0131k\u0131laca\u011f\u0131 da dahil olmak \u00fczere bu bilgilerin bu \u015firketler taraf\u0131ndan kullan\u0131lmas\u0131na ili\u015fkin se\u00e7enekleriniz i\u00e7in l\u00fctfen ilgili web sitelerini ziyaret edin: <a href=\"http:\/\/optout.networkadvertising.org\/#!\/\">http:\/\/optout.networkadvertising.org\/#!\/<\/a> ve <a href=\"http:\/\/optout.aboutads.info\/#!\/\">http:\/\/optout.aboutads.info\/#!\/.<\/a> <\/p>\n\n<h3 class=\"wp-block-heading\"><strong>Sizin Haklar\u0131n\u0131z<\/strong><\/h3>\n\n<p>Belirli yarg\u0131 b\u00f6lgeleri, Kullan\u0131c\u0131lara Ki\u015fisel Bilgileri i\u00e7in belirli yasal haklar sa\u011flar. Ki\u015fisel Bilgilerinizle ilgili olarak a\u015fa\u011f\u0131daki gibi belirli eylemlerde bulunma hakk\u0131na sahip olabilirsiniz: <\/p>\n\n<ul class=\"wp-block-list\">\n<li>Sizinle ilgili Ki\u015fisel Bilgilerin i\u015flenip i\u015flenmedi\u011fine dair onay almak ve belirli tamamlay\u0131c\u0131 bilgilerle birlikte saklanan Ki\u015fisel Bilgilerinize eri\u015fmek i\u00e7in.<\/li>\n\n\n\n<li>Ki\u015fisel Bilgileri almak i\u00e7in, yap\u0131land\u0131r\u0131lm\u0131\u015f, yayg\u0131n olarak kullan\u0131lan ve makine taraf\u0131ndan okunabilir bir formatta bize do\u011frudan g\u00f6n\u00fcll\u00fc olursunuz.<\/li>\n\n\n\n<li>Kontrol\u00fcm\u00fcz alt\u0131nda olan Ki\u015fisel Bilgilerinizin d\u00fczeltilmesini talep etmek i\u00e7in.<\/li>\n\n\n\n<li>Ki\u015fisel Bilgilerinizin silinmesini talep etmek i\u00e7in.<\/li>\n\n\n\n<li>Ki\u015fisel Bilgilerin taraf\u0131m\u0131zca i\u015flenmesine itiraz etmek.<\/li>\n\n\n\n<li>Ki\u015fisel Bilgilerinizin taraf\u0131m\u0131zca i\u015flenmesinin k\u0131s\u0131tlanmas\u0131n\u0131 talep etmek.<\/li>\n<\/ul>\n\n<p>Ancak, bu haklar\u0131n mutlak olmad\u0131\u011f\u0131n\u0131 ve kendi me\u015fru menfaatlerimize ve d\u00fczenleyici gerekliliklere tabi olabilece\u011fini l\u00fctfen unutmay\u0131n.<\/p>\n\n<p>Ki\u015fisel Bilgilerinizi nas\u0131l i\u015fledi\u011fimiz hakk\u0131nda bir \u015fikayette bulunmak isterseniz, a\u015fa\u011f\u0131da bulunan ileti\u015fim bilgilerinden bizimle ileti\u015fime ge\u00e7ebilirsiniz.<\/p>\n\n<p>Yan\u0131t\u0131m\u0131zdan memnun kalmazsan\u0131z veya Ki\u015fisel Bilgilerinizi yasalara uygun olarak toplad\u0131\u011f\u0131m\u0131z\u0131 veya i\u015fledi\u011fimizi d\u00fc\u015f\u00fcn\u00fcyorsan\u0131z, ge\u00e7erli veri koruma makam\u0131na \u015fikayette bulunabilirsiniz.<\/p>\n\n<h3 class=\"wp-block-heading\"><strong>Toplad\u0131\u011f\u0131m\u0131z Ki\u015fisel Bilgileri ne kadar s\u00fcreyle sakl\u0131yoruz?<\/strong><\/h3>\n\n<p>Kullan\u0131c\u0131lardan toplad\u0131\u011f\u0131m\u0131z Ki\u015fisel Bilgileri, Hizmetlerimizi sunmak ve yasal y\u00fck\u00fcml\u00fcl\u00fcklerimize uymak, anla\u015fmazl\u0131klar\u0131 \u00e7\u00f6zmek ve s\u00f6zle\u015fmelerimizi uygulamak i\u00e7in gerekli oldu\u011fu s\u00fcrece saklar\u0131z (aksi y\u00f6nde talimat almad\u0131\u011f\u0131m\u0131z s\u00fcrece). Saklama s\u00fcreleri, toplanan Ki\u015fisel Bilgilerin t\u00fcr\u00fc ve toplanma amac\u0131 dikkate al\u0131narak, duruma uygulanabilir gereklilikler ve g\u00fcncelli\u011fini yitirmi\u015f, kullan\u0131lmayan Ki\u015fisel Bilgilerin makul olan en erken zamanda imha edilmesi ihtiyac\u0131 g\u00f6z \u00f6n\u00fcnde bulundurularak belirlenecektir. Ge\u00e7erli y\u00f6netmelikler uyar\u0131nca, Ki\u015fisel Bilgilerinizi, hesap a\u00e7ma belgelerinizi, ileti\u015fimlerinizi ve ge\u00e7erli yasa ve y\u00f6netmeliklerin gerektirdi\u011fi di\u011fer her \u015feyi i\u00e7eren kay\u0131tlar\u0131 tutaca\u011f\u0131z.  <\/p>\n\n<h3 class=\"wp-block-heading\"><strong>Uluslararas\u0131 Transfer (AEA&#8217;da ikamet edenler i\u00e7in)<\/strong><\/h3>\n\n<p>K\u00fcresel olarak faaliyet g\u00f6sterdi\u011fimiz i\u00e7in, Ki\u015fisel Bilgiler de dahil olmak \u00fczere verilerin AEA d\u0131\u015f\u0131ndaki \u00fclkelere aktar\u0131lmas\u0131 gerekebilir. Bu durumlarda, Ki\u015fisel Bilgilerinizi yaln\u0131zca Avrupa Komisyonu taraf\u0131ndan yeterli d\u00fczeyde veri korumas\u0131 sa\u011flad\u0131\u011f\u0131 onaylanan \u00fclkelere aktaraca\u011f\u0131z veya yeterli d\u00fczeyde veri korumas\u0131 sa\u011flayan yasal anla\u015fmalar yapaca\u011f\u0131z. <\/p>\n\n<h3 class=\"wp-block-heading\"><strong>Ki\u015fisel Bilgilerinizi nas\u0131l koruyoruz?<\/strong><\/h3>\n\n<p>Hizmetlerin ve Ki\u015fisel Bilgilerinizin g\u00fcvenli\u011fini uygulamak ve s\u00fcrd\u00fcrmek i\u00e7in b\u00fcy\u00fck \u00f6zen g\u00f6steriyoruz. Kullan\u0131c\u0131lar\u0131m\u0131z\u0131n verilerinin gizlili\u011fini, b\u00fct\u00fcnl\u00fc\u011f\u00fcn\u00fc ve kullan\u0131labilirli\u011fini, Ki\u015fisel Bilgilerinizin g\u00fcvenli\u011fini sa\u011flamak ve bu t\u00fcr bilgilerin yetkisiz kullan\u0131m\u0131n\u0131 \u00f6nlemek i\u00e7in end\u00fcstri standard\u0131 prosed\u00fcrler kullan\u0131yoruz. <\/p>\n\n<p>Ancak, \u00e7abalar\u0131m\u0131za ra\u011fmen bilgisayar korsanlar\u0131n\u0131n veya yetkisiz personelin Ki\u015fisel Bilgilere eri\u015femeyece\u011fini garanti edemeyiz. Hizmetlerimizi kulland\u0131\u011f\u0131n\u0131zda, Ki\u015fisel Bilgilerinizin bizim kontrol\u00fcm\u00fcz alt\u0131nda olmayan \u00fc\u00e7\u00fcnc\u00fc taraf altyap\u0131lar\u0131 \u00fczerinden aktar\u0131laca\u011f\u0131n\u0131 unutmamal\u0131s\u0131n\u0131z. \u0130nternet \u00fczerinden hi\u00e7bir aktar\u0131m y\u00f6ntemi veya elektronik depolama y\u00f6ntemi %100 g\u00fcvenli de\u011fildir. Bu nedenle, Ki\u015fisel Bilgilerinizi korumak i\u00e7in ticari olarak kabul edilebilir ara\u00e7lar kullanmaya \u00e7al\u0131\u015fsak da, mutlak g\u00fcvenli\u011fini garanti edemeyiz.   <\/p>\n\n<p>Gizlili\u011finizin bu gizlilik politikas\u0131na uygun olarak ele al\u0131nmad\u0131\u011f\u0131n\u0131 d\u00fc\u015f\u00fcn\u00fcyorsan\u0131z, l\u00fctfen a\u015fa\u011f\u0131da bulunan ileti\u015fim bilgileri arac\u0131l\u0131\u011f\u0131yla do\u011frudan bizimle ileti\u015fime ge\u00e7in.<\/p>\n\n<h3 class=\"wp-block-heading\"><strong>K\u00fc\u00e7\u00fckler<\/strong><\/h3>\n\n<p>Hizmetler 16 ya\u015f\u0131n alt\u0131ndaki bireylere y\u00f6nelik de\u011fildir. E\u011fer 16 ya\u015f\u0131ndan k\u00fc\u00e7\u00fckseniz, Hizmetleri kullanmamal\u0131 veya bize herhangi bir Ki\u015fisel Bilgi vermemelisiniz. <\/p>\n\n<p>Taraf\u0131m\u0131zca sizden toplanan her t\u00fcrl\u00fc Ki\u015fisel Bilgiye eri\u015fme ve bunlar\u0131 do\u011frulama hakk\u0131m\u0131z sakl\u0131d\u0131r. Herhangi bir Ki\u015fisel Bilgiyi 16 ya\u015f\u0131n alt\u0131ndaki bir bireyin payla\u015ft\u0131\u011f\u0131n\u0131n fark\u0131na varmam\u0131z durumunda, bu t\u00fcr bilgileri ataca\u011f\u0131z. Re\u015fit olmayan bir ki\u015finin bizimle herhangi bir Ki\u015fisel Bilgi payla\u015ft\u0131\u011f\u0131na inanmak i\u00e7in herhangi bir nedeniniz varsa, l\u00fctfen a\u015fa\u011f\u0131da bulunan ileti\u015fim bilgileri arac\u0131l\u0131\u011f\u0131yla bizimle ileti\u015fime ge\u00e7in.  <\/p>\n\n<h3 class=\"wp-block-heading\"><strong>Politika de\u011fi\u015fiklikleri<\/strong><\/h3>\n\n<p>Bu gizlilik politikas\u0131n\u0131 istedi\u011fimiz zaman de\u011fi\u015ftirme hakk\u0131m\u0131z\u0131 sakl\u0131 tutuyoruz, bu nedenle l\u00fctfen bu sayfay\u0131 s\u0131k s\u0131k tekrar ziyaret edin. Bu gizlilik politikas\u0131ndaki \u00f6nemli de\u011fi\u015fiklikleri web sitelerimiz arac\u0131l\u0131\u011f\u0131yla bildirece\u011fiz veya g\u00f6n\u00fcll\u00fc oldu\u011funuz e-posta adresine (g\u00f6n\u00fcll\u00fc olduysan\u0131z) bu t\u00fcr de\u011fi\u015fikliklerle ilgili bir e-posta g\u00f6nderece\u011fiz. Bu t\u00fcr \u00f6nemli de\u011fi\u015fiklikler, s\u00f6z konusu bildirimin yukar\u0131da belirtilen y\u00f6ntemlerden herhangi biri ile yap\u0131lmas\u0131ndan yedi (7) g\u00fcn sonra y\u00fcr\u00fcrl\u00fc\u011fe girecektir. Aksi takdirde, bu Politikadaki di\u011fer t\u00fcm de\u011fi\u015fiklikler belirtilen &#8220;Son Revize&#8221; tarihinden itibaren ge\u00e7erli olacakt\u0131r ve Son Revize tarihinden sonra Hizmetleri kullanmaya devam etmeniz, bu de\u011fi\u015fiklikleri kabul etti\u011finiz ve bunlara ba\u011fl\u0131 kalmay\u0131 kabul etti\u011finiz anlam\u0131na gelecektir.   <\/p>\n\n<h3 class=\"wp-block-heading\"><strong>Bizimle nas\u0131l ileti\u015fime ge\u00e7ebilirsiniz?<\/strong><\/h3>\n\n<p>Bu politika hakk\u0131nda herhangi bir sorunuz varsa, l\u00fctfen info@auto3p.com adresinden veri gizlili\u011fi temsilcimizle ileti\u015fime ge\u00e7in.<\/p>\n\n<p>\u200d<\/p>\n\n<h5 class=\"wp-block-heading\"><strong>\u015eu tarihte revize edilmi\u015ftir: Ocak 11<\/strong><strong><sup>,<\/sup><\/strong><strong> 2022<\/strong><\/h5>\n","protected":false},"excerpt":{"rendered":"<p>Giri\u015f https:\/\/auto3p.com\/tr\/ (\u201cweb sitesi\u201d) adresine eri\u015fti\u011finiz i\u00e7in te\u015fekk\u00fcr ederiz. Bu web sitesi, \u0130svi\u00e7re&#8217;de kay\u0131tl\u0131 bir \u015firket olan Auto3P Europe AG (bundan b\u00f6yle \u201cAuto3P\u201d olarak an\u0131lacakt\u0131r) (\u201cbiz\u201d, \u201cbize\u201d, \u201cbizim\u201d veya \u201c\u015eirket\u201d) taraf\u0131ndan i\u015fletilmektedir. Bu gizlilik politikas\u0131, sizden (\u201csiz\u201d, \u201csizin\u201d veya \u201cKullan\u0131c\u0131\u201d) toplad\u0131\u011f\u0131m\u0131z veya bize sa\u011flad\u0131\u011f\u0131n\u0131z Ki\u015fisel Bilgilerin, Web Sitesinin kullan\u0131m\u0131 veya web sitesinde zaman zaman sunulan [&hellip;]<\/p>\n","protected":false},"author":1,"featured_media":0,"parent":0,"menu_order":0,"comment_status":"closed","ping_status":"closed","template":"","meta":{"_acf_changed":false,"footnotes":""},"class_list":["post-2312","page","type-page","status-publish","hentry"],"acf":[],"_links":{"self":[{"href":"https:\/\/auto3p.com\/tr\/wp-json\/wp\/v2\/pages\/2312","targetHints":{"allow":["GET"]}}],"collection":[{"href":"https:\/\/auto3p.com\/tr\/wp-json\/wp\/v2\/pages"}],"about":[{"href":"https:\/\/auto3p.com\/tr\/wp-json\/wp\/v2\/types\/page"}],"author":[{"embeddable":true,"href":"https:\/\/auto3p.com\/tr\/wp-json\/wp\/v2\/users\/1"}],"replies":[{"embeddable":true,"href":"https:\/\/auto3p.com\/tr\/wp-json\/wp\/v2\/comments?post=2312"}],"version-history":[{"count":1,"href":"https:\/\/auto3p.com\/tr\/wp-json\/wp\/v2\/pages\/2312\/revisions"}],"predecessor-version":[{"id":2313,"href":"https:\/\/auto3p.com\/tr\/wp-json\/wp\/v2\/pages\/2312\/revisions\/2313"}],"wp:attachment":[{"href":"https:\/\/auto3p.com\/tr\/wp-json\/wp\/v2\/media?parent=2312"}],"curies":[{"name":"wp","href":"https:\/\/api.w.org\/{rel}","templated":true}]}}